{"id":12124,"date":"2022-09-12T17:02:08","date_gmt":"2022-09-12T17:02:08","guid":{"rendered":"https:\/\/smsdigitv.de\/eu\/?page_id=12124"},"modified":"2023-02-17T22:18:12","modified_gmt":"2023-02-17T21:18:12","slug":"bilgisayar-kurulumu","status":"publish","type":"page","link":"https:\/\/smsdigitv.de\/eu\/bilgisayar-kurulumu\/","title":{"rendered":"Bilgisayar Kurulumu"},"content":{"rendered":"<div class=\"wpb-content-wrapper\"><p>[vc_section][vc_row][vc_column]<div class=\"es-resp\">\t<div class=\"visible-xl\" style=\"height: 64px;\"><\/div>\t<div class=\"hidden-xl hidden-md hidden-sm hidden-ms hidden-xs\" style=\"height: 64px;\"><\/div>\t<div class=\"visible-md\" style=\"height: 64px;\"><\/div>\t<div class=\"visible-sm \" style=\"height: 64px;\"><\/div>\t<div class=\"visible-ms\" style=\"height: 32px;\"><\/div>\t<div class=\"visible-xs\" style=\"height: 32px;\"><\/div><\/div>[\/vc_column][\/vc_row][vc_row][vc_column][vc_column_text]<\/p>\n<p style=\"text-align: center;\">Windows \u0130\u015fletim sistemli b\u00fct\u00fcn cihazlar\u0131n\u0131zda a\u015fa\u011f\u0131daki uygulamalar arac\u0131l\u0131\u011f\u0131 ile SMSDIGITV &#8216;yi sorunsuz bir \u015fekilde izleyebilirsiniz. Y\u00fczlerce uygulama aras\u0131ndan en \u00e7ok indirilen ve stabil olan uygulamalar\u0131n kurulum talimatlar\u0131n\u0131 a\u015fa\u011f\u0131dan detayl\u0131ca inceleyebilirsiniz.<\/p>\n<p>[\/vc_column_text][\/vc_column][\/vc_row][\/vc_section][vc_row css=&#8221;.vc_custom_1605089714829{margin-top: 50px !important;}&#8221;][vc_column width=&#8221;2\/3&#8243;]<div class=\"heading  header-subheader align-center color-main subcolor-main transform-default theme-icon-second icon-type-hidden heading-tag-h5\" id=\"like_sc_header_948599732\"><h5 data-text=\"Kurulum Talimatlar\u0131\" class=\"header ltx-sr-id-like_sc_header_948599732196538397 ltx-sr ltx-sr-effect-fade_in ltx-sr-el-block ltx-sr-delay-0 ltx-sr-duration-1000 ltx-sr-sequences-0 ltx-check-scroll ltx-glitch done\">Kurulum Talimatlar\u0131<\/h5><\/div>[vc_tta_accordion style=&#8221;modern&#8221; active_section=&#8221;&#8221;][vc_tta_section title=&#8221;SMSDIGITV WEBTV \u0130LE \u0130ZLEME&#8221; tab_id=&#8221;1640865317516-bb1410d4-5504&#8243;][vc_single_image image=&#8221;11862&#8243; img_size=&#8221;75&#215;75&#8243; alignment=&#8221;center&#8221;][vc_column_text]SMSDIGITV &#8216;yi hi\u00e7bir uygulama kullanmadan Web TV ile izleyebilir ve kullanabilirsiniz. Bunun i\u00e7in ise a\u015fa\u011f\u0131daki ad\u0131mlar\u0131 s\u0131ras\u0131 ile uygulaman\u0131z yeterlidir;<\/p>\n<ul>\n<li>\u00d6ncelikle\u00a0<strong><a href=\"http:\/\/smsigitv.de\/webtv\/\" target=\"_blank\" rel=\"noopener\">webtv<\/a><\/strong>\u00a0adresine giri\u015f yap\u0131n,<\/li>\n<li>SMSDIGITV Kullan\u0131c\u0131 ad\u0131n\u0131z ve \u015eifreniz ile giri\u015f yap\u0131n,<\/li>\n<li>\u0130zlemek istedi\u011finiz i\u00e7eri\u011fin \u00fczerine t\u0131klay\u0131n ve SMSDIGITV deneyimini en kaliteli \u015fekilde ya\u015fay\u0131n.<\/li>\n<\/ul>\n<p><strong><em>\u00d6nemli Bilgilendirme<\/em><\/strong><\/p>\n<ul>\n<li><em>\u0130sterseniz SMART IPTV uygulamas\u0131na kolay kurulum yapabilirsiniz.<br \/>\n<\/em><\/li>\n<li><em>\u00c7o\u011fu Film ve Dizi de Ses Kodec sorunu oldu\u011fundan dolay\u0131 ses sorunu veya altyaz\u0131 sorunu ya\u015fayabilirsiniz.<\/em><\/li>\n<li>Canl\u0131 Yay\u0131nlarda HEVC de mutlaka sorun olacakt\u0131r&#8230;<\/li>\n<\/ul>\n<p><em><strong>Buket de\u011fi\u015fimi yapmak i\u00e7in l\u00fctfen a\u015fa\u011f\u0131daki Buket De\u011fi\u015fim yazan yere bas\u0131n ve istedi\u011finiz \u015feyi tek t\u0131kla kapat\u0131n yada a\u00e7\u0131n.\u00a0<\/strong><\/em><\/p>\n<p><em><b>Buket de\u011fi\u015fimi Hesab\u0131ma Buket ayarlar\u0131na\u00a0bas\u0131nca yapabilirsiniz&#8230;<\/b><\/em><\/p>\n<p>Yeni Nesil TV Keyfi[\/vc_column_text]<div class=\"btn-wrap align-center\">\r\n\t<a href=\"http:\/\/smsigitv.de\/webtv\/\"  target=\"_blank\"  class=\"btn  btn-main color-hover-default align-center\" id=\"like_sc_button_561932857\">SMSDIGITV WEB TV G\u0130R\u0130\u015e<\/a><\/div><div class=\"btn-wrap align-center\">\r\n\t<a href=\"https:\/\/davulcu.xyz\/index.php?page=profile\"  target=\"_blank\"  class=\"btn  btn-main color-hover-default align-center   vc_custom_1675536078654\" id=\"like_sc_button_612654930\">BUKET DEGISIMI<\/a><\/div>[\/vc_tta_section][vc_tta_section title=&#8221;IPTV SMARTERS WINDOWS&#8221; tab_id=&#8221;1605090470682-1d4debf9-560a&#8221;][vc_single_image image=&#8221;10819&#8243; img_size=&#8221;75&#215;75&#8243; alignment=&#8221;center&#8221;][vc_column_text]<\/p>\n<div class=\"kc-elm kc-css-246633 kc_text_block\">\n<p>A\u015fa\u011f\u0131daki butona t\u0131klayarak uygulamay\u0131 Windows bilgisayar\u0131n\u0131za indirin ve a\u015fa\u011f\u0131daki talimatlar\u0131 uygulayarak i\u00e7eriklerinize eri\u015febilirsiniz.<\/p>\n<ul>\n<li>\u00d6ncelikle Bilgisayar\u0131n\u0131za IPTV SMARTERS \u0130ndirin<\/li>\n<li>IPTV SMARTERS uygulamas\u0131n\u0131 Bilgisayar\u0131n\u0131za Kurun ve A\u00e7\u0131n<\/li>\n<li><strong>Any Name:<\/strong> Herhangi bir isim yazabilirsiniz mesela (SMSDIGITV)<\/li>\n<li><strong>Username:<\/strong> Size verilen Kullan\u0131c\u0131 Ad\u0131n\u0131z<\/li>\n<li><strong>Password:<\/strong> Size verilen \u015eifrenizdir<\/li>\n<li><strong>URL:<\/strong> Size verilen Adresidir<\/li>\n<\/ul>\n<p><em>Yeni Nesil TV Keyfi<\/em><\/p>\n<\/div>\n<p>[\/vc_column_text]<div class=\"btn-wrap align-center\">\r\n\t<a href=\"https:\/\/www.iptvsmarters.com\/IPTVSmartersPro-Setup-1.1.1.exe\"  target=\"_blank\"  class=\"btn  btn-main color-hover-default align-center\" id=\"like_sc_button_1736431395\">IPTV SMARTERS \u0130ND\u0130R<\/a><\/div>[\/vc_tta_section][vc_tta_section title=&#8221;VLC PLAYER \u0130LE \u0130ZLEME&#8221; tab_id=&#8221;1605090537485-51d71270-ddaa&#8221;][vc_single_image image=&#8221;10833&#8243; img_size=&#8221;75&#215;75&#8243; alignment=&#8221;center&#8221;][vc_column_text]<\/p>\n<div class=\"kc-elm kc-css-30523 kc_text_block\">\n<p>Bilgisayar\u0131n\u0131zda IPTV izlemek \u0130\u00e7in A\u015fa\u011f\u0131daki Talimatlar\u0131 Uygulaman\u0131z yeterli Olacakt\u0131r ve Kurulumunuzu 5dk \u0130\u00e7erisinde Yapabilirsiniz.<\/p>\n<ul>\n<li>\u00d6ncelikle Bilgisayar\u0131n\u0131za VLC Playeri \u0130ndirin<\/li>\n<li>VLC Playeri Bilgisayar\u0131n\u0131za Kurun ve A\u00e7\u0131n<\/li>\n<li>VLC Player \u00dczerinde <strong>CTRL+N<\/strong> Tu\u015flar\u0131na Bas\u0131n veya Men\u00fcden <strong>Ortam-A\u011f Ak\u0131\u015f\u0131 A\u00e7<\/strong> diyerek ula\u015fabilirsiniz.<\/li>\n<li>A\u00e7\u0131lan Sayfaya Size Verilen \u00dcyelik Linkinizi Yap\u0131\u015ft\u0131r\u0131n ve Tamam Deyin<\/li>\n<li>VLC PLayerin Liste Ekran\u0131n\u0131 A\u00e7\u0131n ve \u0130stedi\u011finiz Kanal\u0131 \u0130zleyin.<\/li>\n<\/ul>\n<p><em>Yeni Nedil TV Keyfi<\/em><\/p>\n<\/div>\n<p>[\/vc_column_text]<div class=\"btn-wrap align-center\">\r\n\t<a href=\"https:\/\/en.softonic.com\/download\/vlc-media-player\/windows\/post-download\"  target=\"_blank\"  class=\"btn  btn-main color-hover-default align-center\" id=\"like_sc_button_1521989642\">VLC PLAYER \u0130ND\u0130R<\/a><\/div>[\/vc_tta_section][\/vc_tta_accordion][\/vc_column][\/vc_row]<\/p>\n<\/div>","protected":false},"excerpt":{"rendered":"<p>[vc_section][vc_row][vc_column] [\/vc_column][\/vc_row][vc_row][vc_column][vc_column_text] Windows \u0130\u015fletim sistemli b\u00fct\u00fcn cihazlar\u0131n\u0131zda a\u015fa\u011f\u0131daki uygulamalar arac\u0131l\u0131\u011f\u0131 ile SMSDIGITV &#8216;yi sorunsuz bir \u015fekilde izleyebilirsiniz. Y\u00fczlerce uygulama aras\u0131ndan en \u00e7ok indirilen ve stabil olan uygulamalar\u0131n kurulum talimatlar\u0131n\u0131 a\u015fa\u011f\u0131dan detayl\u0131ca inceleyebilirsiniz. [\/vc_column_text][\/vc_column][\/vc_row][\/vc_section][vc_row css=&#8221;.vc_custom_1605089714829{margin-top: 50px !important;}&#8221;][vc_column width=&#8221;2\/3&#8243;]Kurulum Talimatlar\u0131[vc_tta_accordion style=&#8221;modern&#8221; active_section=&#8221;&#8221;][vc_tta_section title=&#8221;SMSDIGITV WEBTV \u0130LE \u0130ZLEME&#8221; tab_id=&#8221;1640865317516-bb1410d4-5504&#8243;][vc_single_image image=&#8221;11862&#8243; img_size=&#8221;75&#215;75&#8243; alignment=&#8221;center&#8221;][vc_column_text]SMSDIGITV &#8216;yi hi\u00e7bir uygulama kullanmadan Web TV ile izleyebilir ve kullanabilirsiniz. Bunun i\u00e7in ise a\u015fa\u011f\u0131daki ad\u0131mlar\u0131 s\u0131ras\u0131 ile uygulaman\u0131z yeterlidir; \u00d6ncelikle\u00a0webtv\u00a0adresine giri\u015f yap\u0131n, SMSDIGITV Kullan\u0131c\u0131 ad\u0131n\u0131z ve \u015eifreniz ile giri\u015f yap\u0131n, \u0130zlemek istedi\u011finiz i\u00e7eri\u011fin \u00fczerine t\u0131klay\u0131n ve SMSDIGITV deneyimini en kaliteli \u015fekilde ya\u015fay\u0131n. \u00d6nemli Bilgilendirme \u0130sterseniz SMART IPTV uygulamas\u0131na kolay kurulum yapabilirsiniz. \u00c7o\u011fu Film ve Dizi de Ses Kodec sorunu oldu\u011fundan dolay\u0131 ses sorunu veya altyaz\u0131 sorunu ya\u015fayabilirsiniz. Canl\u0131 Yay\u0131nlarda HEVC de mutlaka sorun olacakt\u0131r&#8230; Buket de\u011fi\u015fimi yapmak i\u00e7in l\u00fctfen a\u015fa\u011f\u0131daki Buket De\u011fi\u015fim [&hellip;]<\/p>\n","protected":false},"author":7,"featured_media":0,"parent":0,"menu_order":0,"comment_status":"closed","ping_status":"closed","template":"","meta":{"footnotes":""},"class_list":["post-12124","page","type-page","status-publish","hentry"],"_links":{"self":[{"href":"https:\/\/smsdigitv.de\/eu\/wp-json\/wp\/v2\/pages\/12124","targetHints":{"allow":["GET"]}}],"collection":[{"href":"https:\/\/smsdigitv.de\/eu\/wp-json\/wp\/v2\/pages"}],"about":[{"href":"https:\/\/smsdigitv.de\/eu\/wp-json\/wp\/v2\/types\/page"}],"author":[{"embeddable":true,"href":"https:\/\/smsdigitv.de\/eu\/wp-json\/wp\/v2\/users\/7"}],"replies":[{"embeddable":true,"href":"https:\/\/smsdigitv.de\/eu\/wp-json\/wp\/v2\/comments?post=12124"}],"version-history":[{"count":5,"href":"https:\/\/smsdigitv.de\/eu\/wp-json\/wp\/v2\/pages\/12124\/revisions"}],"predecessor-version":[{"id":12597,"href":"https:\/\/smsdigitv.de\/eu\/wp-json\/wp\/v2\/pages\/12124\/revisions\/12597"}],"wp:attachment":[{"href":"https:\/\/smsdigitv.de\/eu\/wp-json\/wp\/v2\/media?parent=12124"}],"curies":[{"name":"wp","href":"https:\/\/api.w.org\/{rel}","templated":true}]}}