{"id":12628,"date":"2023-03-05T15:07:47","date_gmt":"2023-03-05T14:07:47","guid":{"rendered":"https:\/\/smsdigitv.de\/eu\/?page_id=12628"},"modified":"2023-03-05T15:18:02","modified_gmt":"2023-03-05T14:18:02","slug":"mag-cihazi","status":"publish","type":"page","link":"https:\/\/smsdigitv.de\/eu\/mag-cihazi\/","title":{"rendered":"Mag Cihaz\u0131"},"content":{"rendered":"<div class=\"wpb-content-wrapper\"><p>[vc_section][vc_row][vc_column]<div class=\"es-resp\">\t<div class=\"visible-xl\" style=\"height: 64px;\"><\/div>\t<div class=\"hidden-xl hidden-md hidden-sm hidden-ms hidden-xs\" style=\"height: 64px;\"><\/div>\t<div class=\"visible-md\" style=\"height: 64px;\"><\/div>\t<div class=\"visible-sm \" style=\"height: 64px;\"><\/div>\t<div class=\"visible-ms\" style=\"height: 32px;\"><\/div>\t<div class=\"visible-xs\" style=\"height: 32px;\"><\/div><\/div>[\/vc_column][\/vc_row][vc_row][vc_column][vc_column_text]<\/p>\n<p style=\"text-align: center;\">Mag Cihaz\u0131 Kurulumu \u0130\u00e7in A\u015fa\u011f\u0131daki Ad\u0131mlar\u0131 Takip Ediniz.<\/p>\n<p>[\/vc_column_text][\/vc_column][\/vc_row][\/vc_section][vc_row css=&#8221;.vc_custom_1605089714829{margin-top: 50px !important;}&#8221;][vc_column width=&#8221;2\/3&#8243;]<div class=\"heading  header-subheader align-center color-main subcolor-main transform-default theme-icon-second icon-type-hidden heading-tag-h5\" id=\"like_sc_header_1263775738\"><h5 data-text=\"Kurulum Talimatlar\u0131\" class=\"header ltx-sr-id-like_sc_header_12637757381269056766 ltx-sr ltx-sr-effect-fade_in ltx-sr-el-block ltx-sr-delay-0 ltx-sr-duration-1000 ltx-sr-sequences-0 ltx-check-scroll ltx-glitch done\">Kurulum Talimatlar\u0131<\/h5><\/div>[vc_tta_accordion active_section=&#8221;&#8221;][vc_tta_section title=&#8221;IPTV Sa\u011flay\u0131c\u0131n\u0131z Taraf\u0131ndan Kurulum&#8221; tab_id=&#8221;1678025808737-7d91b65b-7315&#8243;][vc_column_text]Kullanmakta Oldu\u011fumuz \u00d6zel Sistem Sayesinde Mag Portal Sistemimizi \u0130nternet h\u0131z\u0131n\u0131z\u0131n 3 Mbit Ba\u011flant\u0131n\u0131z Olmas\u0131 Halinde, Full HD Bir \u015eekilde Donma yada Kopma Olmadan \u0130zleyebilirsiniz.<\/p>\n<p><strong>Mag Portal; <\/strong>Herhangi Bir Kurulum Bilgisi Gerektirmez. Cihaz\u0131n\u0131z\u0131n Alt\u0131nda Bulunan MAC Adresini Bize \u0130letmeniz Yeterlidir.<\/p>\n<p>T\u00fcm Kanallar\u0131, G\u00fcncellemeleri Otomatik Olarak Sistemimiz Kendini Yapacakt\u0131r.<\/p>\n<p>Size sadece cihaz\u0131 fi\u015fe tak\u0131p izlemek kal\u0131yor.<\/p>\n<p>MAG250 &amp; MAG254 &amp; MAG256 Cihazlar i\u00e7in Portal Y\u00fckleme Bilgileri;<\/p>\n<ul>\n<li>Setting B\u00f6l\u00fcm\u00fcnden\u00a0System Settings K\u0131sm\u0131na Girin ;<\/li>\n<li>Servers\u00a0B\u00f6l\u00fcm\u00fcne Girip.<\/li>\n<li>Portals\u00a0K\u0131sm\u0131n\u0131 A\u00e7\u0131n\u0131z ;<\/li>\n<li>Portal 1 Veya Portal 2 Name\u00a0K\u0131sm\u0131na Herhangi Bir \u015eey Yaz\u0131n\u0131z.<\/li>\n<li>Portal URL\u00a0K\u0131sm\u0131na Size Verece\u011fimiz\u00a0Portal Adresi\u00a0Yaz\u0131n.<\/li>\n<li>Tekrar\u00a0System Setting\u00a0B\u00f6l\u00fcme Gelin.<\/li>\n<li>Restart Portal\u00a0Demeniz yeterli.<\/li>\n<\/ul>\n<p>[\/vc_column_text][\/vc_tta_section][\/vc_tta_accordion][\/vc_column][\/vc_row]<\/p>\n<\/div>","protected":false},"excerpt":{"rendered":"<p>[vc_section][vc_row][vc_column] [\/vc_column][\/vc_row][vc_row][vc_column][vc_column_text] Mag Cihaz\u0131 Kurulumu \u0130\u00e7in A\u015fa\u011f\u0131daki Ad\u0131mlar\u0131 Takip Ediniz. [\/vc_column_text][\/vc_column][\/vc_row][\/vc_section][vc_row css=&#8221;.vc_custom_1605089714829{margin-top: 50px !important;}&#8221;][vc_column width=&#8221;2\/3&#8243;]Kurulum Talimatlar\u0131[vc_tta_accordion active_section=&#8221;&#8221;][vc_tta_section title=&#8221;IPTV Sa\u011flay\u0131c\u0131n\u0131z Taraf\u0131ndan Kurulum&#8221; tab_id=&#8221;1678025808737-7d91b65b-7315&#8243;][vc_column_text]Kullanmakta Oldu\u011fumuz \u00d6zel Sistem Sayesinde Mag Portal Sistemimizi \u0130nternet h\u0131z\u0131n\u0131z\u0131n 3 Mbit Ba\u011flant\u0131n\u0131z Olmas\u0131 Halinde, Full HD Bir \u015eekilde Donma yada Kopma Olmadan \u0130zleyebilirsiniz. Mag Portal; Herhangi Bir Kurulum Bilgisi Gerektirmez. Cihaz\u0131n\u0131z\u0131n Alt\u0131nda Bulunan MAC Adresini Bize \u0130letmeniz Yeterlidir. T\u00fcm Kanallar\u0131, G\u00fcncellemeleri Otomatik Olarak Sistemimiz Kendini Yapacakt\u0131r. Size sadece cihaz\u0131 fi\u015fe tak\u0131p izlemek kal\u0131yor. MAG250 &amp; MAG254 &amp; MAG256 Cihazlar i\u00e7in Portal Y\u00fckleme Bilgileri; Setting B\u00f6l\u00fcm\u00fcnden\u00a0System Settings K\u0131sm\u0131na Girin ; Servers\u00a0B\u00f6l\u00fcm\u00fcne Girip. Portals\u00a0K\u0131sm\u0131n\u0131 A\u00e7\u0131n\u0131z ; Portal 1 Veya Portal 2 Name\u00a0K\u0131sm\u0131na Herhangi Bir \u015eey Yaz\u0131n\u0131z. Portal URL\u00a0K\u0131sm\u0131na Size Verece\u011fimiz\u00a0Portal Adresi\u00a0Yaz\u0131n. Tekrar\u00a0System Setting\u00a0B\u00f6l\u00fcme Gelin. Restart Portal\u00a0Demeniz yeterli. [\/vc_column_text][\/vc_tta_section][\/vc_tta_accordion][\/vc_column][\/vc_row]<\/p>\n","protected":false},"author":7,"featured_media":0,"parent":0,"menu_order":0,"comment_status":"closed","ping_status":"closed","template":"","meta":{"footnotes":""},"class_list":["post-12628","page","type-page","status-publish","hentry"],"_links":{"self":[{"href":"https:\/\/smsdigitv.de\/eu\/wp-json\/wp\/v2\/pages\/12628","targetHints":{"allow":["GET"]}}],"collection":[{"href":"https:\/\/smsdigitv.de\/eu\/wp-json\/wp\/v2\/pages"}],"about":[{"href":"https:\/\/smsdigitv.de\/eu\/wp-json\/wp\/v2\/types\/page"}],"author":[{"embeddable":true,"href":"https:\/\/smsdigitv.de\/eu\/wp-json\/wp\/v2\/users\/7"}],"replies":[{"embeddable":true,"href":"https:\/\/smsdigitv.de\/eu\/wp-json\/wp\/v2\/comments?post=12628"}],"version-history":[{"count":4,"href":"https:\/\/smsdigitv.de\/eu\/wp-json\/wp\/v2\/pages\/12628\/revisions"}],"predecessor-version":[{"id":12633,"href":"https:\/\/smsdigitv.de\/eu\/wp-json\/wp\/v2\/pages\/12628\/revisions\/12633"}],"wp:attachment":[{"href":"https:\/\/smsdigitv.de\/eu\/wp-json\/wp\/v2\/media?parent=12628"}],"curies":[{"name":"wp","href":"https:\/\/api.w.org\/{rel}","templated":true}]}}