{"id":12121,"date":"2022-09-12T16:57:35","date_gmt":"2022-09-12T16:57:35","guid":{"rendered":"https:\/\/smsdigitv.de\/tr\/?page_id=12121"},"modified":"2022-09-12T17:01:23","modified_gmt":"2022-09-12T17:01:23","slug":"ios-kurulum","status":"publish","type":"page","link":"https:\/\/smsdigitv.de\/tr\/ios-kurulum\/","title":{"rendered":"IOS Kurulum"},"content":{"rendered":"<div class=\"wpb-content-wrapper\"><p>[vc_row][vc_column][vc_column_text]<\/p>\n<p style=\"text-align: center;\">IOS \u0130\u015fletim sistemli b\u00fct\u00fcn cihazlar\u0131n\u0131zda a\u015fa\u011f\u0131daki uygulamalar arac\u0131l\u0131\u011f\u0131 ile SMSDIGITV&#8217;yi sorunsuz bir \u015fekilde izleyebilirsiniz. Y\u00fczlerce uygulama aras\u0131ndan en \u00e7ok indirilen ve stabil olan uygulamalar\u0131n kurulum talimatlar\u0131n\u0131 a\u015fa\u011f\u0131dan detayl\u0131ca inceleyebilirsiniz.<\/p>\n<div id=\"gtx-trans\" style=\"position: absolute; left: -209px; top: -16.3333px;\">\n<div class=\"gtx-trans-icon\"><\/div>\n<\/div>\n<p>[\/vc_column_text][\/vc_column][\/vc_row][vc_row][vc_column]<div class=\"heading  header-subheader align-center color-main subcolor-main transform-default theme-icon-second icon-type-hidden heading-tag-h5\" id=\"like_sc_header_73228135\"><h5 data-text=\"Kurulum Talimatlar\u0131\" class=\"header ltx-sr-id-like_sc_header_732281351769416975 ltx-sr ltx-sr-effect-fade_in ltx-sr-el-block ltx-sr-delay-0 ltx-sr-duration-1000 ltx-sr-sequences-0\">Kurulum Talimatlar\u0131<\/h5><\/div>[vc_tta_accordion][vc_tta_section title=&#8221;SMARTERS PLAYER Lite KURULUMU&#8221; tab_id=&#8221;1611402043672-c7807e54-94f2&#8243;][vc_single_image image=&#8221;11380&#8243; img_size=&#8221;75&#215;75&#8243;][vc_column_text]\u00d6ncelikle Bu Ba\u011flant\u0131dan <a href=\"https:\/\/apps.apple.com\/in\/app\/smarters-player-lite\/id1628995509\">SMARTERS PLAYER Lite<\/a> Uygulamas\u0131 indirilir. Daha sonra s\u0131ras\u0131 ile a\u015fa\u011f\u0131daki bilgileri giriniz ve Giri\u015fe basarak Kanallar\u0131 ve Vodlar\u0131 a\u00e7abilirsiniz.<\/p>\n<p><em><strong>Kurulum S\u0131ras\u0131 ile;<\/strong><\/em><\/p>\n<ul>\n<li>\u00d6ncelikle Yukar\u0131daki Ba\u011flant\u0131dan Uygulamay\u0131 \u0130ndirin ve Android C\u0130haz\u0131n\u0131za Kurunuz.<\/li>\n<li>Xtream Kodlar\u0131 API\u2019si ile giri\u015f yap\u0131n butonuna t\u0131klay\u0131n<\/li>\n<li>ilk sat\u0131ra SMSDIGITV yaz\u0131n\u0131z<\/li>\n<li>IPTV Sa\u011flay\u0131c\u0131n\u0131zdan alm\u0131\u015f oldu\u011funuz Kullan\u0131c\u0131 Ad\u0131n\u0131z\u0131 Giriniz<\/li>\n<li>IPTV Sa\u011flay\u0131c\u0131n\u0131zdan alm\u0131\u015f oldu\u011funuz \u015eifrenizi Giriniz<\/li>\n<li>IPTV Sa\u011flay\u0131c\u0131n\u0131zdan alm\u0131\u015f oldu\u011funuz IPTV URL linkinizi giriniz<\/li>\n<li>Kullan\u0131c\u0131 Ekle Butonuna Basarak Yay\u0131nlar\u0131n\u0131z\u0131 izlemeye ba\u015flayabilirsiniz.<\/li>\n<\/ul>\n<p><strong><em>Not: <\/em><\/strong><em>Uygulama tamamen \u00fccretsizdir.<\/em><\/p>\n<p><em>Yeni Nesil TV Keyfi<\/em><\/p>\n<div id=\"gtx-trans\" style=\"position: absolute; left: 274px; top: 368.2px;\">\n<div class=\"gtx-trans-icon\"><\/div>\n<\/div>\n<p>[\/vc_column_text]<div class=\"btn-wrap\">\r\n\t<a href=\"https:\/\/apps.apple.com\/in\/app\/smarters-player-lite\/id1628995509\"  class=\"btn  btn-main color-hover-default\" id=\"like_sc_button_182638913\">UYGULAMAYI \u0130ND\u0130R<\/a><\/div>[\/vc_tta_section][vc_tta_section title=&#8221;GSE SMART IPTV KURULUMU&#8221; tab_id=&#8221;1611401849709-5f1c5a1f-62a5&#8243;][vc_single_image image=&#8221;10816&#8243; img_size=&#8221;75&#215;75&#8243;][vc_column_text]\u00d6ncelikle Apple Store \u2018ye Giriniz.<\/p>\n<p><em><strong><a href=\"https:\/\/apps.apple.com\/tr\/app\/gse-smart-iptv\/id1028734023?l=tr\">GSE SMART IPTV<\/a><\/strong><\/em>\u00a0Adl\u0131 Uygulamay\u0131 Apple Cihaz\u0131n\u0131za indirip Kurunuz.<\/p>\n<p><em><strong>Xtream Codes API y\u00fckleme:<\/strong><\/em><\/p>\n<ul>\n<li>GSE Smart Iptv Program\u0131n\u0131 A\u00e7\u0131n\u0131z,<\/li>\n<li>Sol \u00fcstte bulunan \u00fc\u00e7 \u00e7izgiye t\u0131klay\u0131n,<\/li>\n<li>Xtreme-Codes Api yazan yere t\u0131klay\u0131n,<\/li>\n<li>A\u00e7\u0131lan sayfada sa\u011f \u00fcstteki + i\u015faretine t\u0131klay\u0131n,<\/li>\n<li>\u00c7\u0131kan ekranda a\u015fa\u011f\u0131daki bilgileri yaz\u0131n ve Eklemek butonuna t\u0131klay\u0131n.<\/li>\n<\/ul>\n<p><em><strong>Bunlar;<\/strong><\/em><\/p>\n<ul>\n<li><strong>Playlist ad\u0131 =<\/strong> SMSDIGITV<\/li>\n<li><strong>Alttaki b\u00f6l\u00fcm =<\/strong>\u00a0http:\/\/URL:Port<\/li>\n<li><strong>Bir alttaki k\u0131s\u0131m =<\/strong>\u00a0Kullan\u0131c\u0131 ad\u0131n\u0131z\u0131 yaz\u0131n\u0131z<\/li>\n<li><strong>Bir alttaki k\u0131s\u0131m =<\/strong>\u00a0\u015eifreniz<\/li>\n<\/ul>\n<p>Eklemek tu\u015funa bas\u0131n\u0131z. Kurulum tamamland\u0131. \u00dcstte \u00e7\u0131kan k\u0131sma basarak a\u00e7\u0131n\u0131z. A\u00e7\u0131lan sayfada;<\/p>\n<ul>\n<li><strong>Live:<\/strong>\u00a0yazan yerde kanallar,<\/li>\n<li><strong>Vod:<\/strong>\u00a0yazan yerde Filmler TV<\/li>\n<li><strong>Series:<\/strong>\u00a0Yazan Yerde Diziler vard\u0131r.<\/li>\n<\/ul>\n<p><em><strong>M3u yukleme ;<\/strong><\/em><\/p>\n<ul>\n<li>GSE Smart Iptv Program\u0131n\u0131 A\u00e7\u0131n\u0131z,<\/li>\n<li>Sol \u00fcstte bulunan \u00fc\u00e7 \u00e7izgiye t\u0131klay\u0131n,<\/li>\n<li>Uzaktan oynatma listeleri yazan yere t\u0131klay\u0131n,<\/li>\n<li>A\u00e7\u0131lan sayfada sa\u011f \u00fcstteki + isaretine t\u0131klay\u0131n,<\/li>\n<li>A\u00e7\u0131lan sayfada m3u url ekle k\u0131sm\u0131na t\u0131klay\u0131n.<\/li>\n<li>Playlist ad\u0131na SMSDIGITV yazabilirsiniz.<\/li>\n<li>Alttaki k\u0131sma Size g\u00f6nderilen linki yap\u0131\u015ft\u0131r\u0131p add tu\u015funa bas\u0131n.<\/li>\n<\/ul>\n<p>Kurulum tamamland\u0131. \u00dcstte \u00e7\u0131kan k\u0131sma basarak a\u00e7\u0131n\u0131z. A\u00e7\u0131lan sayfadan Kanallara, Dizi ve Filmlere ula\u015fabilirsiniz.<\/p>\n<p><strong><em>Not: <\/em><\/strong><em>Uygulama demo s\u00fcr\u00fcmd\u00fcr ve \u00fccretlidir, reklam i\u00e7erebilir.<\/em><\/p>\n<p><em>Yeni Nesil TV Keyfi<\/em>[\/vc_column_text]<div class=\"btn-wrap\">\r\n\t<a href=\"https:\/\/apps.apple.com\/tr\/app\/gse-smart-iptv\/id1028734023?l=tr\"  class=\"btn  btn-main color-hover-default\" id=\"like_sc_button_1290901467\">UYGULAMAYI \u0130ND\u0130R<\/a><\/div>[\/vc_tta_section][vc_tta_section title=&#8221;CLOUD STREAM KURULUMU&#8221; tab_id=&#8221;1611402746830-7c4139da-ee2a&#8221;][vc_single_image image=&#8221;11868&#8243; img_size=&#8221;75&#215;75&#8243;][vc_column_text]\u00d6ncelikle Bu Ba\u011flant\u0131dan\u00a0<a href=\"https:\/\/apps.apple.com\/us\/app\/cloud-stream-iptv-player\/id1138002135\"><strong><em>CLOUD STREAM IPTV PLAYER\u00a0<\/em><\/strong><\/a>Uygulamas\u0131 indirilir. Daha sonra s\u0131ras\u0131 ile a\u015fa\u011f\u0131daki bilgileri giriniz ve Giri\u015fe basarak Kanallar\u0131 ve Vodlar\u0131 a\u00e7abilirsiniz.<\/p>\n<p><em><strong>Kurulum S\u0131ras\u0131 ile;<\/strong><\/em><\/p>\n<ul>\n<li>\u00d6ncelikle Yukar\u0131daki Ba\u011flant\u0131dan Uygulamay\u0131 \u0130ndirin ve Apple Cihaz\u0131n\u0131za Kurunuz.<\/li>\n<li>Daha sonra uygulamay\u0131 a\u00e7\u0131n\u0131z<\/li>\n<li>Uygulamay\u0131 a\u00e7t\u0131\u011f\u0131n\u0131zda uygulama ana ekran\u0131n\u0131n alt\u0131nda bulunan + (Art\u0131) i\u015faretine bas\u0131n\u0131z.<\/li>\n<li>Daha sonra Name K\u0131sm\u0131na : SMSDIGITV yaz\u0131n\u0131z,<\/li>\n<li>URL K\u0131sm\u0131na : SMSDIGITV Taraf\u0131ndan olu\u015fturulan ve Size verilen m3u kodunuzu yap\u0131\u015ft\u0131r\u0131p Create butonuna bas\u0131n\u0131z.<\/li>\n<li>Ekleme yapt\u0131ktan sonra ekranda olu\u015fan SMSDIGITV Playlistine bas\u0131n\u0131z ve i\u00e7eriklerin y\u00fcklenmesini bekleyiniz.<\/li>\n<li>\u0130\u00e7erikler y\u00fcklendikten sonra istedi\u011finiz i\u00e7eri\u011fin bulundu\u011fu kategoriyi bulup izlemek istedi\u011finiz i\u00e7eri\u011fi se\u00e7erek izlemeye ba\u015flay\u0131n\u0131z.<\/li>\n<\/ul>\n<p><strong><em>Not:\u00a0<\/em><\/strong><em>Uygulama tamamen \u00fccretsizdir.<\/em><\/p>\n<p><em>Yeni Nesil TV Keyfi<\/em>[\/vc_column_text]<div class=\"btn-wrap\">\r\n\t<a href=\"https:\/\/apps.apple.com\/us\/app\/cloud-stream-iptv-player\/id1138002135\"  class=\"btn  btn-main color-hover-default\" id=\"like_sc_button_666332706\">UYGULAMAYI \u0130ND\u0130R<\/a><\/div>[\/vc_tta_section][vc_tta_section title=&#8221;IPTVX KURULUMU&#8221; tab_id=&#8221;1629624505574-f37c9cbc-1017&#8243;][vc_single_image image=&#8221;11645&#8243; img_size=&#8221;75&#215;75&#8243;][vc_column_text]\u00d6ncelikle Apple Store \u2018ye Giriniz.<\/p>\n<p><a href=\"https:\/\/apps.apple.com\/tr\/app\/iptvx\/id1451470024?l=tr\"><em><strong>IPTVX<\/strong><\/em><\/a>\u00a0Adl\u0131 Uygulamay\u0131 Apple Cihaz\u0131n\u0131za indirip Kurunuz.<\/p>\n<ul>\n<li>Ana Ekranda <strong>New Playlist<\/strong> butonuna bas\u0131n\u0131z,<\/li>\n<li>Kar\u015f\u0131n\u0131za \u00e7\u0131kan men\u00fcde;<\/li>\n<li><strong>M3U playlist via URL<\/strong> se\u00e7imini yap\u0131n\u0131z,<\/li>\n<li><strong>Playlist&#8217;s name k\u0131sm\u0131na :<\/strong> SMSDIGITV yaz\u0131n\u0131z,<\/li>\n<li><strong>Playlist&#8217;s URL k\u0131sm\u0131na :<\/strong> Size g\u00f6nderilen M3U linkini yap\u0131\u015ft\u0131r\u0131n\u0131z.<\/li>\n<li><strong>Save<\/strong> butonuna bas\u0131p kurulumu tamamlay\u0131n\u0131z.<\/li>\n<\/ul>\n<p>Kurulumunuz tamamland\u0131ktan sonra ise ekranda bulunan SMSDIGITV klas\u00f6r\u00fcne t\u0131klayarak i\u00e7eriklere ula\u015fabilirsiniz.<\/p>\n<p><em>Yeni Nesil TV Keyfi<\/em>[\/vc_column_text]<div class=\"btn-wrap\">\r\n\t<a href=\"https:\/\/apps.apple.com\/tr\/app\/iptvx\/id1451470024?l=tr\"  class=\"btn  btn-main color-hover-default\" id=\"like_sc_button_1525803089\">UYGULAMAYI \u0130ND\u0130R<\/a><\/div>[\/vc_tta_section][\/vc_tta_accordion][\/vc_column][\/vc_row]<\/p>\n<\/div>","protected":false},"excerpt":{"rendered":"<p>[vc_row][vc_column][vc_column_text] IOS \u0130\u015fletim sistemli b\u00fct\u00fcn cihazlar\u0131n\u0131zda a\u015fa\u011f\u0131daki uygulamalar arac\u0131l\u0131\u011f\u0131 ile SMSDIGITV&#8217;yi sorunsuz bir \u015fekilde izleyebilirsiniz. Y\u00fczlerce uygulama aras\u0131ndan en \u00e7ok indirilen ve stabil olan uygulamalar\u0131n kurulum talimatlar\u0131n\u0131 a\u015fa\u011f\u0131dan detayl\u0131ca inceleyebilirsiniz. [\/vc_column_text][\/vc_column][\/vc_row][vc_row][vc_column]Kurulum Talimatlar\u0131[vc_tta_accordion][vc_tta_section title=&#8221;SMARTERS PLAYER Lite KURULUMU&#8221; tab_id=&#8221;1611402043672-c7807e54-94f2&#8243;][vc_single_image image=&#8221;11380&#8243; img_size=&#8221;75&#215;75&#8243;][vc_column_text]\u00d6ncelikle Bu Ba\u011flant\u0131dan SMARTERS PLAYER Lite Uygulamas\u0131 indirilir. Daha sonra s\u0131ras\u0131 ile a\u015fa\u011f\u0131daki bilgileri giriniz ve Giri\u015fe basarak Kanallar\u0131 ve Vodlar\u0131 a\u00e7abilirsiniz. Kurulum S\u0131ras\u0131 ile; \u00d6ncelikle Yukar\u0131daki Ba\u011flant\u0131dan Uygulamay\u0131 \u0130ndirin ve Android C\u0130haz\u0131n\u0131za Kurunuz. Xtream Kodlar\u0131 API\u2019si ile giri\u015f yap\u0131n butonuna t\u0131klay\u0131n ilk sat\u0131ra SMSDIGITV yaz\u0131n\u0131z IPTV Sa\u011flay\u0131c\u0131n\u0131zdan alm\u0131\u015f oldu\u011funuz Kullan\u0131c\u0131 Ad\u0131n\u0131z\u0131 Giriniz IPTV Sa\u011flay\u0131c\u0131n\u0131zdan alm\u0131\u015f oldu\u011funuz \u015eifrenizi Giriniz IPTV Sa\u011flay\u0131c\u0131n\u0131zdan alm\u0131\u015f oldu\u011funuz IPTV URL linkinizi giriniz Kullan\u0131c\u0131 Ekle Butonuna Basarak Yay\u0131nlar\u0131n\u0131z\u0131 izlemeye ba\u015flayabilirsiniz. Not: Uygulama tamamen \u00fccretsizdir. Yeni Nesil TV Keyfi [\/vc_column_text] UYGULAMAYI \u0130ND\u0130R[\/vc_tta_section][vc_tta_section title=&#8221;GSE SMART IPTV KURULUMU&#8221; tab_id=&#8221;1611401849709-5f1c5a1f-62a5&#8243;][vc_single_image image=&#8221;10816&#8243; img_size=&#8221;75&#215;75&#8243;][vc_column_text]\u00d6ncelikle [&hellip;]<\/p>\n","protected":false},"author":7,"featured_media":0,"parent":0,"menu_order":0,"comment_status":"closed","ping_status":"closed","template":"","meta":{"footnotes":""},"class_list":["post-12121","page","type-page","status-publish","hentry"],"_links":{"self":[{"href":"https:\/\/smsdigitv.de\/tr\/wp-json\/wp\/v2\/pages\/12121","targetHints":{"allow":["GET"]}}],"collection":[{"href":"https:\/\/smsdigitv.de\/tr\/wp-json\/wp\/v2\/pages"}],"about":[{"href":"https:\/\/smsdigitv.de\/tr\/wp-json\/wp\/v2\/types\/page"}],"author":[{"embeddable":true,"href":"https:\/\/smsdigitv.de\/tr\/wp-json\/wp\/v2\/users\/7"}],"replies":[{"embeddable":true,"href":"https:\/\/smsdigitv.de\/tr\/wp-json\/wp\/v2\/comments?post=12121"}],"version-history":[{"count":2,"href":"https:\/\/smsdigitv.de\/tr\/wp-json\/wp\/v2\/pages\/12121\/revisions"}],"predecessor-version":[{"id":12123,"href":"https:\/\/smsdigitv.de\/tr\/wp-json\/wp\/v2\/pages\/12121\/revisions\/12123"}],"wp:attachment":[{"href":"https:\/\/smsdigitv.de\/tr\/wp-json\/wp\/v2\/media?parent=12121"}],"curies":[{"name":"wp","href":"https:\/\/api.w.org\/{rel}","templated":true}]}}