{"id":12124,"date":"2022-09-12T17:02:08","date_gmt":"2022-09-12T17:02:08","guid":{"rendered":"https:\/\/smsdigitv.de\/tr\/?page_id=12124"},"modified":"2022-09-12T17:09:01","modified_gmt":"2022-09-12T17:09:01","slug":"bilgisayar-kurulumu","status":"publish","type":"page","link":"https:\/\/smsdigitv.de\/tr\/bilgisayar-kurulumu\/","title":{"rendered":"Bilgisayar Kurulumu"},"content":{"rendered":"<div class=\"wpb-content-wrapper\"><p>[vc_section][vc_row][vc_column][vc_column_text]<\/p>\n<p style=\"text-align: center;\">Windows \u0130\u015fletim sistemli b\u00fct\u00fcn cihazlar\u0131n\u0131zda a\u015fa\u011f\u0131daki uygulamalar arac\u0131l\u0131\u011f\u0131 ile SMSDIGITV &#8216;yi sorunsuz bir \u015fekilde izleyebilirsiniz. Y\u00fczlerce uygulama aras\u0131ndan en \u00e7ok indirilen ve stabil olan uygulamalar\u0131n kurulum talimatlar\u0131n\u0131 a\u015fa\u011f\u0131dan detayl\u0131ca inceleyebilirsiniz.<\/p>\n<p>[\/vc_column_text][\/vc_column][\/vc_row][\/vc_section][vc_row css=&#8221;.vc_custom_1605089714829{margin-top: 50px !important;}&#8221;][vc_column width=&#8221;2\/3&#8243;]<div class=\"heading  header-subheader align-center color-main subcolor-main transform-default theme-icon-second icon-type-hidden heading-tag-h5\" id=\"like_sc_header_1480389281\"><h5 data-text=\"Kurulum Talimatlar\u0131\" class=\"header ltx-sr-id-like_sc_header_14803892811712815420 ltx-sr ltx-sr-effect-fade_in ltx-sr-el-block ltx-sr-delay-0 ltx-sr-duration-1000 ltx-sr-sequences-0 ltx-check-scroll ltx-glitch done\">Kurulum Talimatlar\u0131<\/h5><\/div>[vc_tta_accordion style=&#8221;modern&#8221; active_section=&#8221;&#8221;][vc_tta_section title=&#8221;SMSDIGITV WEBTV \u0130LE \u0130ZLEME&#8221; tab_id=&#8221;1640865317516-bb1410d4-5504&#8243;][vc_single_image image=&#8221;11862&#8243; img_size=&#8221;75&#215;75&#8243; alignment=&#8221;center&#8221;][vc_column_text]SMSDIGITV &#8216;yi hi\u00e7bir uygulama kullanmadan Web TV ile izleyebilir ve kullanabilirsiniz. Bunun i\u00e7in ise a\u015fa\u011f\u0131daki ad\u0131mlar\u0131 s\u0131ras\u0131 ile uygulaman\u0131z yeterlidir;<\/p>\n<ul>\n<li>\u00d6ncelikle\u00a0<strong><a href=\"http:\/\/smsigitv.de\/webtv\/\">http:\/\/smsigitv.de\/webtv\/<\/a><\/strong>\u00a0adresine giri\u015f yap\u0131n,<\/li>\n<li>SMSDIGITV Kullan\u0131c\u0131 ad\u0131n\u0131z ve \u015eifreniz ile giri\u015f yap\u0131n,<\/li>\n<li>\u0130zlemek istedi\u011finiz i\u00e7eri\u011fin \u00fczerine t\u0131klay\u0131n ve SMSDIGITV deneyimini en kaliteli \u015fekilde ya\u015fay\u0131n.<\/li>\n<\/ul>\n<p><em>Not:<\/em><\/p>\n<ul>\n<li><em>\u0130sterseniz ise SMART IPTV uygulamas\u0131na kolay kurulum yapabilirsiniz.<br \/>\n<\/em><\/li>\n<li><em>\u00c7o\u011fu Film ve Dizi de Ses Kodec sorunu oldu\u011fundan dolay\u0131 ses sorunu veya altyaz\u0131 sorunu ya\u015fayabilirsiniz.<\/em><\/li>\n<\/ul>\n<p><em>Yeni Nesil TV Keyfi<\/em>[\/vc_column_text]<div class=\"btn-wrap align-center\">\r\n\t<a href=\"http:\/\/smsigitv.de\/webtv\/\"  class=\"btn  btn-main color-hover-default align-center\" id=\"like_sc_button_1003139170\">SMSDIGITV WEB TV G\u0130R\u0130\u015e<\/a><\/div>[\/vc_tta_section][vc_tta_section title=&#8221;DUBLEX IPTV KURULUMU&#8221; tab_id=&#8221;1605089954901-4a77ec1b-8ffc&#8221;][vc_single_image image=&#8221;10831&#8243; img_size=&#8221;75&#215;75&#8243; alignment=&#8221;center&#8221;][vc_column_text]<strong>DUPLEX IPTV\u2019ye oynatma listesi y\u00fckleme<\/strong><\/p>\n<p>\u00d6ncelikle a\u015fa\u011f\u0131daki butona t\u0131klayarak uygulamay\u0131 Windows Uygulama Ma\u011fazas\u0131ndan bilgisayar\u0131n\u0131za indiriniz. Daha sonra a\u015fa\u011f\u0131daki ad\u0131mlar\u0131 uygulayarak uygulaman\u0131n kurulumunu kolayl\u0131kla yapabilirsiniz.<\/p>\n<ul>\n<li>Uygulamay\u0131 y\u00fckledikten sonra uygulamay\u0131 a\u00e7\u0131n\u0131z,<\/li>\n<li>Uygulaman\u0131n dilini <strong>&#8220;Settings, General Settings ve Language&#8221;<\/strong> k\u0131sm\u0131ndan uygulama dilini istedi\u011finiz dile \u00e7eviriniz.<\/li>\n<li>Daha sonra Ana ekranda <strong>&#8220;Oynatma Listesi Ekle&#8221;<\/strong> butonuna bas\u0131n\u0131z,<\/li>\n<li>\u00c7\u0131kan ekranda <strong>&#8220;Oynatma Listesi URL&#8217;si Ekle&#8221;<\/strong> butonuna bas\u0131n\u0131z.<\/li>\n<li>\u00c7\u0131kan ekranda;<br \/>\n<strong>Oynatma Listesi Ad\u0131 :<\/strong> <em>SMSDIGITV<\/em><br \/>\n<strong>Oynatma Listesi URL&#8217;si :<\/strong> <em>Size g\u00f6nderilen M3U linkini yap\u0131\u015ft\u0131r\u0131n\u0131z ve <\/em><strong>Kay\u0131t Et<\/strong><em> butonuna bas\u0131n\u0131z.<\/em><\/li>\n<li>Ekledi\u011finiz bilgiler <strong>Oynatma Listesi Ad\u0131<\/strong>nda Ana ekrana gelecektir. \u00dczerine t\u0131klay\u0131n ve i\u00e7eriklerinize ula\u015f\u0131n.<\/li>\n<\/ul>\n<div class=\"QmZWSe\">\n<div class=\"DHcWmd\">\n<div id=\"tw-target\">\n<div id=\"kAz1tf\" class=\"g9WsWb\">\n<div id=\"tw-target-text-container\" class=\"tw-ta-container hide-focus-ring tw-nfl\" tabindex=\"0\">\n<p><em><strong>Not:<\/strong> Uygulama \u00dccretlidir ve SMSDIGITV &#8216;nin bu \u00fccretten herhangi bir kazanc\u0131 yoktur.<\/em><\/p>\n<p><em>Yeni Nesil TV Keyfi<\/em><\/p>\n<\/div>\n<\/div>\n<\/div>\n<\/div>\n<\/div>\n<p>[\/vc_column_text]<div class=\"btn-wrap align-center\">\r\n\t<a href=\"https:\/\/www.microsoft.com\/store\/productId\/9NXBKN795PKQ\"  class=\"btn  btn-main color-hover-default align-center\" id=\"like_sc_button_1763345839\">DUPLEX IPTV \u0130ND\u0130R<\/a><\/div>[\/vc_tta_section][vc_tta_section title=&#8221;IPTV SMARTERS WINDOWS&#8221; tab_id=&#8221;1605090470682-1d4debf9-560a&#8221;][vc_single_image image=&#8221;10819&#8243; img_size=&#8221;75&#215;75&#8243; alignment=&#8221;center&#8221;][vc_column_text]<\/p>\n<div class=\"kc-elm kc-css-246633 kc_text_block\">\n<p>A\u015fa\u011f\u0131daki butona t\u0131klayarak uygulamay\u0131 Windows bilgisayar\u0131n\u0131za indirin ve a\u015fa\u011f\u0131daki talimatlar\u0131 uygulayarak i\u00e7eriklerinize eri\u015febilirsiniz.<\/p>\n<ul>\n<li>\u00d6ncelikle Bilgisayar\u0131n\u0131za IPTV SMARTERS \u0130ndirin<\/li>\n<li>IPTV SMARTERS uygulamas\u0131n\u0131 Bilgisayar\u0131n\u0131za Kurun ve A\u00e7\u0131n<\/li>\n<li><strong>Any Name:<\/strong> Herhangi bir isim yazabilirsiniz mesela (SMSDIGITV)<\/li>\n<li><strong>Username:<\/strong>\u00a0\u00dcyeli\u011finiz veya Test esnas\u0131nda Size verilen Kullan\u0131c\u0131 Ad\u0131n\u0131zd\u0131r linkinizde ise;\u00a0<em>username=\u2026\u2026\u2026\u2026\u2026&amp; noktal\u0131 alandaki k\u0131s\u0131md\u0131r.<\/em><\/li>\n<li><strong>Password:<\/strong>\u00a0\u00dcyeli\u011finiz veya Test esnas\u0131nda Size verilen \u015eifrenizdir linkinizde ise;\u00a0<em>password=\u2026\u2026\u2026\u2026\u2026&amp; noktal\u0131 alandaki k\u0131s\u0131md\u0131r.<\/em><\/li>\n<li><strong>URL:<\/strong>\u00a0\u00dcyeli\u011finiz veya Test esnas\u0131nda Size verilen linkin en ba\u015f\u0131ndaki Adrestir;\u00a0<em>http:\/\/\u2026\u2026\u2026.:\u2026. noktal\u0131 alandaki k\u0131s\u0131md\u0131r<\/em><\/li>\n<\/ul>\n<p><em>Yeni Nesil TV Keyfi<\/em><\/p>\n<\/div>\n<p>[\/vc_column_text]<div class=\"btn-wrap align-center\">\r\n\t<a href=\"https:\/\/drive.google.com\/file\/d\/1r7eXwTYvS19g453UUYDFOGP6MslZDfG9\/view?usp=drive_open\"  class=\"btn  btn-main color-hover-default align-center\" id=\"like_sc_button_1352158427\">IPTV SMARTERS \u0130ND\u0130R<\/a><\/div>[\/vc_tta_section][vc_tta_section title=&#8221;VLC PLAYER \u0130LE \u0130ZLEME&#8221; tab_id=&#8221;1605090537485-51d71270-ddaa&#8221;][vc_single_image image=&#8221;10833&#8243; img_size=&#8221;75&#215;75&#8243; alignment=&#8221;center&#8221;][vc_column_text]<\/p>\n<div class=\"kc-elm kc-css-30523 kc_text_block\">\n<p>Bilgisayar\u0131n\u0131zda IPTV izlemek \u0130\u00e7in A\u015fa\u011f\u0131daki Talimatlar\u0131 Uygulaman\u0131z yeterli Olacakt\u0131r ve Kurulumunuzu 5dk \u0130\u00e7erisinde Yapabilirsiniz.<\/p>\n<ul>\n<li>\u00d6ncelikle Bilgisayar\u0131n\u0131za VLC Playeri \u0130ndirin<\/li>\n<li>VLC Playeri Bilgisayar\u0131n\u0131za Kurun ve A\u00e7\u0131n<\/li>\n<li>VLC Player \u00dczerinde <strong>CTRL+N<\/strong> Tu\u015flar\u0131na Bas\u0131n veya Men\u00fcden <strong>Ortam-A\u011f Ak\u0131\u015f\u0131 A\u00e7<\/strong> diyerek ula\u015fabilirsiniz.<\/li>\n<li>A\u00e7\u0131lan Sayfaya Size Verilen \u00dcyelik Linkinizi Yap\u0131\u015ft\u0131r\u0131n ve Tamam Deyin<\/li>\n<li>VLC PLayerin Liste Ekran\u0131n\u0131 A\u00e7\u0131n ve \u0130stedi\u011finiz Kanal\u0131 \u0130zleyin.<\/li>\n<\/ul>\n<p><em>Yeni Nedil TV Keyfi<\/em><\/p>\n<\/div>\n<p>[\/vc_column_text]<div class=\"btn-wrap align-center\">\r\n\t<a href=\"https:\/\/tr.softonic.com\/download\/vlc-media-player\/windows\/post-download\"  class=\"btn  btn-main color-hover-default align-center\" id=\"like_sc_button_264449841\">VLC PLAYER \u0130ND\u0130R<\/a><\/div>[\/vc_tta_section][vc_tta_section title=&#8221;OTT PLAYER \u0130LE \u0130ZLEME&#8221; tab_id=&#8221;1605090615725-4268664b-28c8&#8243;][vc_single_image image=&#8221;10834&#8243; img_size=&#8221;75&#215;75&#8243; alignment=&#8221;center&#8221;][vc_column_text]<\/p>\n<div class=\"kc-elm kc-css-30523 kc_text_block\">\n<div class=\"kc-elm kc-css-318531 kc_text_block\">\n<ul>\n<li>A\u015fa\u011f\u0131dan cihaz\u0131n\u0131za uygun\u00a0<em><strong><a href=\"https:\/\/ottplayer.es\/soft\">OTT PLAYER<\/a><\/strong>\u00a0<\/em>program\u0131n\u0131 indiriniz.<\/li>\n<li>OTT PLAYER program\u0131n\u0131 a\u00e7\u0131yoruz bizden kullan\u0131c\u0131 \u015fifre isteyecektir.<\/li>\n<li>\u00dcye de\u011filseniz buradan\u00a0<em><strong><a href=\"https:\/\/ottplayer.es\/%20account\/login\">\u00fcye olunuz<\/a><\/strong><\/em><\/li>\n<li>\u00dcye olduktan sonra buradan\u00a0<a href=\"https:\/\/ottplayer.es\/playlist\/original\"><em><strong>Giri\u015f Yap\u0131n\u0131z.<\/strong><\/em><\/a><\/li>\n<li>File yazan yere t\u0131kl\u0131yoruz Size sitemiz taraf\u0131ndan verilen linki indirip M3U dosyas\u0131n\u0131 ekliyoruz.<\/li>\n<li>Direck link yazan k\u0131sma size verdi\u011fimiz iptv linkinizi yap\u0131\u015ft\u0131r\u0131n.<\/li>\n<li>Playlist\u2019s name k\u0131sm\u0131na IPTV yaz\u0131yoruz.<\/li>\n<li>Save ye bas\u0131p kaydediyoruz.<\/li>\n<li>OTT PLAYER program\u0131na giriyoruz.<\/li>\n<li>Daha \u00f6nceden alm\u0131\u015f oldu\u011funuz kullan\u0131c\u0131 ad\u0131m\u0131z\u0131 ve \u015fifremizi giriyoruz.<\/li>\n<li>OTT PLAYER uygulamas\u0131na girip kanallar\u0131n\u0131z\u0131 izlemeye ba\u015flayabilirsiniz.<\/li>\n<\/ul>\n<p><strong>Not :<\/strong> <em>OTTPLAYER uygulamas\u0131n\u0131n kapasitesi az oldu\u011fundan dolay\u0131 bizim i\u00e7eriklerimizin tamam\u0131na ula\u015famayabilirsiniz.<\/em><\/p>\n<p><em>Yeni Nesil TV Keyfi<\/em><\/p>\n<\/div>\n<\/div>\n<p>[\/vc_column_text]<div class=\"btn-wrap align-center\">\r\n\t<a href=\"https:\/\/ottplayer.es\/soft\"  class=\"btn  btn-main color-hover-default align-center\" id=\"like_sc_button_2114047242\">OTT PLAYER \u0130ND\u0130R<\/a><\/div>[\/vc_tta_section][\/vc_tta_accordion][\/vc_column][\/vc_row]<\/p>\n<\/div>","protected":false},"excerpt":{"rendered":"<p>[vc_section][vc_row][vc_column][vc_column_text] Windows \u0130\u015fletim sistemli b\u00fct\u00fcn cihazlar\u0131n\u0131zda a\u015fa\u011f\u0131daki uygulamalar arac\u0131l\u0131\u011f\u0131 ile SMSDIGITV &#8216;yi sorunsuz bir \u015fekilde izleyebilirsiniz. Y\u00fczlerce uygulama aras\u0131ndan en \u00e7ok indirilen ve stabil olan uygulamalar\u0131n kurulum talimatlar\u0131n\u0131 a\u015fa\u011f\u0131dan detayl\u0131ca inceleyebilirsiniz. [\/vc_column_text][\/vc_column][\/vc_row][\/vc_section][vc_row css=&#8221;.vc_custom_1605089714829{margin-top: 50px !important;}&#8221;][vc_column width=&#8221;2\/3&#8243;]Kurulum Talimatlar\u0131[vc_tta_accordion style=&#8221;modern&#8221; active_section=&#8221;&#8221;][vc_tta_section title=&#8221;SMSDIGITV WEBTV \u0130LE \u0130ZLEME&#8221; tab_id=&#8221;1640865317516-bb1410d4-5504&#8243;][vc_single_image image=&#8221;11862&#8243; img_size=&#8221;75&#215;75&#8243; alignment=&#8221;center&#8221;][vc_column_text]SMSDIGITV &#8216;yi hi\u00e7bir uygulama kullanmadan Web TV ile izleyebilir ve kullanabilirsiniz. Bunun i\u00e7in ise a\u015fa\u011f\u0131daki ad\u0131mlar\u0131 s\u0131ras\u0131 ile uygulaman\u0131z yeterlidir; \u00d6ncelikle\u00a0http:\/\/smsigitv.de\/webtv\/\u00a0adresine giri\u015f yap\u0131n, SMSDIGITV Kullan\u0131c\u0131 ad\u0131n\u0131z ve \u015eifreniz ile giri\u015f yap\u0131n, \u0130zlemek istedi\u011finiz i\u00e7eri\u011fin \u00fczerine t\u0131klay\u0131n ve SMSDIGITV deneyimini en kaliteli \u015fekilde ya\u015fay\u0131n. Not: \u0130sterseniz ise SMART IPTV uygulamas\u0131na kolay kurulum yapabilirsiniz. \u00c7o\u011fu Film ve Dizi de Ses Kodec sorunu oldu\u011fundan dolay\u0131 ses sorunu veya altyaz\u0131 sorunu ya\u015fayabilirsiniz. Yeni Nesil TV Keyfi[\/vc_column_text] SMSDIGITV WEB TV G\u0130R\u0130\u015e[\/vc_tta_section][vc_tta_section title=&#8221;DUBLEX IPTV KURULUMU&#8221; tab_id=&#8221;1605089954901-4a77ec1b-8ffc&#8221;][vc_single_image image=&#8221;10831&#8243; img_size=&#8221;75&#215;75&#8243; alignment=&#8221;center&#8221;][vc_column_text]DUPLEX IPTV\u2019ye [&hellip;]<\/p>\n","protected":false},"author":7,"featured_media":0,"parent":0,"menu_order":0,"comment_status":"closed","ping_status":"closed","template":"","meta":{"footnotes":""},"class_list":["post-12124","page","type-page","status-publish","hentry"],"_links":{"self":[{"href":"https:\/\/smsdigitv.de\/tr\/wp-json\/wp\/v2\/pages\/12124","targetHints":{"allow":["GET"]}}],"collection":[{"href":"https:\/\/smsdigitv.de\/tr\/wp-json\/wp\/v2\/pages"}],"about":[{"href":"https:\/\/smsdigitv.de\/tr\/wp-json\/wp\/v2\/types\/page"}],"author":[{"embeddable":true,"href":"https:\/\/smsdigitv.de\/tr\/wp-json\/wp\/v2\/users\/7"}],"replies":[{"embeddable":true,"href":"https:\/\/smsdigitv.de\/tr\/wp-json\/wp\/v2\/comments?post=12124"}],"version-history":[{"count":2,"href":"https:\/\/smsdigitv.de\/tr\/wp-json\/wp\/v2\/pages\/12124\/revisions"}],"predecessor-version":[{"id":12126,"href":"https:\/\/smsdigitv.de\/tr\/wp-json\/wp\/v2\/pages\/12124\/revisions\/12126"}],"wp:attachment":[{"href":"https:\/\/smsdigitv.de\/tr\/wp-json\/wp\/v2\/media?parent=12124"}],"curies":[{"name":"wp","href":"https:\/\/api.w.org\/{rel}","templated":true}]}}