{"id":12152,"date":"2022-09-12T17:09:42","date_gmt":"2022-09-12T17:09:42","guid":{"rendered":"https:\/\/smsdigitv.de\/tr\/?page_id=12152"},"modified":"2022-09-12T17:16:58","modified_gmt":"2022-09-12T17:16:58","slug":"android-kurulum","status":"publish","type":"page","link":"https:\/\/smsdigitv.de\/tr\/android-kurulum\/","title":{"rendered":"Android Kurulum"},"content":{"rendered":"<div class=\"wpb-content-wrapper\"><p>[vc_section][vc_row][vc_column][vc_column_text]<\/p>\n<p style=\"text-align: center;\">Android \u0130\u015fletim sistemli b\u00fct\u00fcn cihazlar\u0131n\u0131zda a\u015fa\u011f\u0131daki uygulamalar arac\u0131l\u0131\u011f\u0131 ile SMSDIGITV&#8217;yi sorunsuz bir \u015fekilde izleyebilirsiniz. Y\u00fczlerce uygulama aras\u0131ndan en \u00e7ok indirilen ve stabil olan uygulamalar\u0131n kurulum talimatlar\u0131n\u0131 a\u015fa\u011f\u0131dan detayl\u0131ca inceleyebilirsiniz.<\/p>\n<p>[\/vc_column_text][\/vc_column][\/vc_row][\/vc_section][vc_row css=&#8221;.vc_custom_1605089714829{margin-top: 50px !important;}&#8221;][vc_column width=&#8221;2\/3&#8243;]<div class=\"heading  header-subheader align-center color-main subcolor-main transform-default theme-icon-second icon-type-hidden heading-tag-h5\" id=\"like_sc_header_1398780159\"><h5 data-text=\"Kurulum Talimatlar\u0131\" class=\"header ltx-sr-id-like_sc_header_13987801591856480851 ltx-sr ltx-sr-effect-fade_in ltx-sr-el-block ltx-sr-delay-0 ltx-sr-duration-1000 ltx-sr-sequences-0 ltx-check-scroll ltx-glitch done\">Kurulum Talimatlar\u0131<\/h5><\/div>[vc_tta_accordion active_section=&#8221;&#8221;][vc_tta_section title=&#8221;SMSDIGITV KURULUMU&#8221; tab_id=&#8221;1605089003883-05ab2ccb-7b8b&#8221;][vc_single_image image=&#8221;11862&#8243; img_size=&#8221;75&#215;75&#8243; alignment=&#8221;center&#8221;][vc_column_text]\u00d6ncelikle Google Play Store \u2018ye Giriniz.<\/p>\n<p><em><strong><a href=\"https:\/\/play.google.com\/store\/apps\/details?id=com.nathnetwork.goplay\">SMSDIGITV<\/a><\/strong><\/em>\u00a0Adl\u0131 Uygulamay\u0131 Android Cihaz\u0131n\u0131za indirip Kurunuz.<\/p>\n<p>Daha \u00f6nceden size g\u00f6nderilmi\u015f olan \u00fcyelik linkinizde bulunan bilgileri a\u015fa\u011f\u0131daki gibi giriniz,<\/p>\n<p><strong>\u00dcyelik Linki :<\/strong> http:\/\/url:port\/get.php&amp;<strong>username<\/strong>=\u2026\u2026\u2026&amp;<strong>password<\/strong>=\u2026\u2026\u2026\u2026.&amp;type=m3u_plus&amp;output=mpegts<\/p>\n<ul>\n<li>1. Noktal\u0131 Alan\u00a0<strong>(username)<\/strong>\u00a0Kullan\u0131c\u0131 Ad\u0131n\u0131z<\/li>\n<li>2. Noktal\u0131 Alan\u00a0<strong>(password)<\/strong>\u00a0\u015eifrenizdir.<\/li>\n<li>Uygulamada \u0130lk A\u00e7\u0131lan ekranda bulunan kutucuklara 1. Kutucu\u011fa Kullan\u0131c\u0131 Ad\u0131n\u0131z, 2. Kutucu\u011fa ise \u015eifrenizi girerek Giri\u015f butonuna basman\u0131z yeterlidir.<\/li>\n<\/ul>\n<p>Kurulum tamamland\u0131. Kanallar\u0131n\u0131z\u0131 izlemek i\u00e7in haz\u0131rs\u0131n\u0131z.<\/p>\n<ul>\n<li>LIVE TV (Canl\u0131 Kanallar)<\/li>\n<li>GUIDE (G\u00fcnl\u00fck Program)<\/li>\n<li>VOD (Filmler ve Film Ar\u015fivi)<\/li>\n<li>SERIES (Diziler ve Seri Ar\u015fivi)<\/li>\n<\/ul>\n<p><strong><em>Not: Uygulama tamamen \u00fccretsizdir.<\/em><\/strong><\/p>\n<p><em>Yeni Nesil TV Keyfi<\/em>[\/vc_column_text]<div class=\"btn-wrap align-center\">\r\n\t<a href=\"https:\/\/play.google.com\/store\/apps\/details?id=com.nathnetwork.smsdigitv\"  class=\"btn  btn-main color-hover-default align-center\" id=\"like_sc_button_1271008429\">GOOGLE PLAY STORE<\/a><\/div><div class=\"btn-wrap align-center\">\r\n\t<a href=\"http:\/\/smsigitv.de\/smsdigitv.apk\"  class=\"btn  btn-main color-hover-default align-center\" id=\"like_sc_button_1198769285\">APK \u0130ND\u0130R<\/a><\/div>[\/vc_tta_section][vc_tta_section title=&#8221;SMSDIGITV Smarters KURULUMU&#8221; tab_id=&#8221;1621710620373-2b655827-e58f&#8221;][vc_single_image image=&#8221;11862&#8243; img_size=&#8221;75&#215;75&#8243; alignment=&#8221;center&#8221;][vc_column_text]<a href=\"http:\/\/smsigitv.de\/smsdigitv_smarters.apk\"><b><i>SMSDIGITV Smarters <\/i><\/b><\/a>Adl\u0131 Uygulamay\u0131 Android Cihaz\u0131n\u0131za indirip Kurunuz.<\/p>\n<p>Any Name : SMSDIGITV<br \/>\nUsername : Kullan\u0131c\u0131 Ad\u0131n\u0131z<br \/>\nPassword : \u015eifreniz<\/p>\n<p>Yukar\u0131daki bilgileri girerek giri\u015f tu\u015funa bas\u0131n\u0131z ve i\u00e7eriklerinize ula\u015fabilirsiniz.<\/p>\n<p><strong><em>Not: Uygulama tamamen \u00fccretsizdir.<\/em><\/strong><\/p>\n<p><em>Yeni Nesil TV Keyfi<\/em>[\/vc_column_text]<div class=\"btn-wrap align-center\">\r\n\t<a href=\"http:\/\/smsigitv.de\/smsdigitv_smarters.apk\"  class=\"btn  btn-main color-hover-default align-center\" id=\"like_sc_button_396446981\">APK \u0130ND\u0130R<\/a><\/div>[\/vc_tta_section][vc_tta_section title=&#8221;DUPLEX PLAY KURULUMU&#8221; tab_id=&#8221;1647478822506-cab0638d-2c0d&#8221;][vc_single_image image=&#8221;10831&#8243; img_size=&#8221;75&#215;75&#8243; alignment=&#8221;center&#8221;][vc_column_text]<strong>DUPLEX IPTV\u2019ye oynatma listesi y\u00fckleme<\/strong><\/p>\n<p>\u00d6ncelikle a\u015fa\u011f\u0131daki butona t\u0131klayarak uygulamay\u0131 Windows Uygulama Ma\u011fazas\u0131ndan bilgisayar\u0131n\u0131za indiriniz. Daha sonra a\u015fa\u011f\u0131daki ad\u0131mlar\u0131 uygulayarak uygulaman\u0131n kurulumunu kolayl\u0131kla yapabilirsiniz.<\/p>\n<ul>\n<li>Uygulamay\u0131 y\u00fckledikten sonra uygulamay\u0131 a\u00e7\u0131n\u0131z,<\/li>\n<li>Uygulaman\u0131n dilini <strong>&#8220;Settings, General Settings ve Language&#8221;<\/strong> k\u0131sm\u0131ndan uygulama dilini istedi\u011finiz dile \u00e7eviriniz.<\/li>\n<li>Daha sonra Ana ekranda <strong>&#8220;Oynatma Listesi Ekle&#8221;<\/strong> butonuna bas\u0131n\u0131z,<\/li>\n<li>\u00c7\u0131kan ekranda <strong>&#8220;Oynatma Listesi URL&#8217;si Ekle&#8221;<\/strong> butonuna bas\u0131n\u0131z.<\/li>\n<li>\u00c7\u0131kan ekranda;<br \/>\n<strong>Oynatma Listesi Ad\u0131 :<\/strong> <em>SMSDIGITV<\/em><br \/>\n<strong>Oynatma Listesi URL&#8217;si :<\/strong> <em>Size g\u00f6nderilen M3U linkini yap\u0131\u015ft\u0131r\u0131n\u0131z ve <\/em><strong>Kay\u0131t Et<\/strong><em> butonuna bas\u0131n\u0131z.<\/em><\/li>\n<li>Ekledi\u011finiz bilgiler <strong>Oynatma Listesi Ad\u0131<\/strong>nda Ana ekrana gelecektir. \u00dczerine t\u0131klay\u0131n ve i\u00e7eriklerinize ula\u015f\u0131n.<\/li>\n<\/ul>\n<div class=\"QmZWSe\">\n<div class=\"DHcWmd\">\n<div id=\"tw-target\">\n<div id=\"kAz1tf\" class=\"g9WsWb\">\n<div id=\"tw-target-text-container\" class=\"tw-ta-container hide-focus-ring tw-nfl\" tabindex=\"0\">\n<p><em><strong>Not:<\/strong> Uygulama \u00dccretlidir, Uygulamada s\u00fcre uzatmak isteyen kullan\u0131c\u0131lar\u0131m\u0131z bizimle ileti\u015fime ge\u00e7ebilirler.<\/em><\/p>\n<p><em>Yeni Nesil TV Keyfi<\/em><\/p>\n<\/div>\n<\/div>\n<\/div>\n<\/div>\n<\/div>\n<p>[\/vc_column_text]<div class=\"btn-wrap align-center\">\r\n\t<a href=\"http:\/\/ontgo.me\/duplex.apk\"  class=\"btn  btn-main color-hover-default align-center\" id=\"like_sc_button_160594886\">APK \u0130ND\u0130R<\/a><\/div>[\/vc_tta_section][vc_tta_section title=&#8221;TIVIMATE KURULUMU&#8221; tab_id=&#8221;1638980008740-896f759a-3824&#8243;][vc_single_image image=&#8221;11836&#8243; img_size=&#8221;75&#215;75&#8243; alignment=&#8221;center&#8221;][vc_column_text]<strong>TIVIMATE KURULUMU;<\/strong><\/p>\n<p><strong>IPTV kurulumu;<\/strong><br \/>\nSat\u0131n alma i\u015fleminden sonra google playden Tivimate Iptv Player uygulamas\u0131n\u0131 cihaz\u0131n\u0131za y\u00fckleyiniz. Uygulaman\u0131n Premium kilidini a\u00e7mak i\u00e7in sat\u0131n almada kulland\u0131\u011f\u0131n\u0131z mail ve \u015fifreyi giriniz.<\/p>\n<ul>\n<li>\u00c7alma Listesi Ekle k\u0131sm\u0131ndan;<\/li>\n<li>Sunucu adresi: SMSDIGITV Url\u2019niz, (http:\/\/&#8230;&#8230;&#8230;&#8230;&#8230;.:8080)<\/li>\n<li>Kullan\u0131c\u0131 ad\u0131: SMSDIGITV kullan\u0131c\u0131 ad\u0131n\u0131z,<\/li>\n<li>\u015eifre: SMSDIGITV \u015fifrenizi yaz\u0131p,<\/li>\n<li>\u201cVOD\u2019u dahil et\u201d se\u00e7ene\u011fini se\u00e7ip sonraki ekrandan bir isim vererek listenizi kaydediniz.<\/li>\n<\/ul>\n<p>Art\u0131k yay\u0131nlar\u0131 izlemeye ba\u015flayabilirsiniz.<\/p>\n<p><em><strong>\u00d6NEML\u0130 NOT:\u00a0<\/strong><\/em><br \/>\n<strong>Sat\u0131n Alma,<\/strong><br \/>\nBu uygulama \u00fccretli bir uygulamad\u0131r. Sat\u0131n almak i\u00e7in Tivimate Companion uygulamas\u0131n\u0131 android telefona y\u00fckleyip \u00fcyelik olu\u015fturman\u0131z gerekmektedir. Daha sonra a\u00e7\u0131lan ekrandan y\u0131ll\u0131k veya bir kerelik se\u00e7eneklerinden birini se\u00e7ip uygulamay\u0131 sat\u0131n alabilirsiniz. <em>Sat\u0131n ald\u0131\u011f\u0131n\u0131z uygulamay\u0131 5 farkl\u0131 cihazda ayn\u0131 anda kullanabilirsiniz. Yaln\u0131z iptv \u00fcyeli\u011finiz ayn\u0131 anda 1 ba\u011flant\u0131y\u0131 destekliyorsa ayn\u0131 iptv \u00fcyeli\u011finiz ile ayn\u0131 anda sadece 1 cihaz \u00fczerinden yay\u0131n alabilirsiniz.<\/em> 5 ki\u015fi ortak alarak 5 iptv \u00fcyeli\u011fi ile ayn\u0131 anda kullanabilirsiniz. (Ortak kullan\u0131mlarda ortaklar birbirinin iptv \u00fcyelik bilgilerini g\u00f6remez.)<\/p>\n<p><em>Yeni Nesil TV Keyfi<\/em>[\/vc_column_text]<div class=\"btn-wrap align-center\">\r\n\t<a href=\"https:\/\/play.google.com\/store\/apps\/details?id=ar.tvplayer.tv&#038;hl=tr&#038;gl=US\"  class=\"btn  btn-main color-hover-default align-center\" id=\"like_sc_button_1490797731\">UYGULAMAYI \u0130ND\u0130R<\/a><\/div>[\/vc_tta_section][vc_tta_section title=&#8221;XCIPTV KURULUMU&#8221; tab_id=&#8221;1605089253270-2d87ab97-3744&#8243;][vc_single_image image=&#8221;10817&#8243; img_size=&#8221;75&#215;75&#8243; alignment=&#8221;center&#8221;][vc_column_text]\u00d6ncelikle Bu Ba\u011flant\u0131dan\u00a0<a href=\"https:\/\/play.google.com\/store\/apps\/details?id=com.nathnetwork.xciptv&amp;hl=tr\"><strong><em>XCIPTV\u00a0<\/em><\/strong><\/a>Uygulamas\u0131 indirilir. Daha sonra s\u0131ras\u0131 ile a\u015fa\u011f\u0131daki bilgileri giriniz ve Giri\u015fe basarak Kanallar\u0131 ve Vodlar\u0131 a\u00e7abilirsiniz.<\/p>\n<p><em><strong>Kurulum S\u0131ras\u0131 ile;<\/strong><\/em><\/p>\n<ul>\n<li>\u00d6ncelikle Yukar\u0131daki Ba\u011flant\u0131dan Uygulamay\u0131 \u0130ndirin ve Android C\u0130haz\u0131n\u0131za Kurunuz.<\/li>\n<li>Kullan\u0131c\u0131 Ad\u0131n\u0131z\u0131 Giriniz<\/li>\n<li>\u015eifrenizi Giriniz<\/li>\n<li>IPTV URL linkinizi giriniz<\/li>\n<li>Giri\u015f Butonuna Basarak Yay\u0131nlar\u0131n\u0131z\u0131 izlemeye ba\u015flayabilirsiniz.<\/li>\n<\/ul>\n<p><strong><em>Not: Uygulama tamamen \u00fccretsizdir ancak reklamlar \u00e7\u0131kabilir.<\/em><\/strong><\/p>\n<p><em>Yeni Nesil TV Keyfi<\/em>[\/vc_column_text]<div class=\"btn-wrap\">\r\n\t<a href=\"https:\/\/play.google.com\/store\/apps\/details?id=com.nathnetwork.xciptv&#038;hl=tr&#038;gl=US\"  class=\"btn  btn-main color-hover-default\" id=\"like_sc_button_1806419502\">UYGULAMAYI \u0130ND\u0130R<\/a><\/div>[\/vc_tta_section][vc_tta_section title=&#8221;IPTV SMARTERS KURULUMU&#8221; tab_id=&#8221;1605089495986-c78da4bb-0903&#8243;]<div class=\"btn-wrap\">\r\n\t<a href=\"https:\/\/play.google.com\/store\/apps\/details?id=com.nst.iptvsmarterstvbox&#038;hl=tr&#038;gl=US\"  class=\"btn  btn-main color-hover-default\" id=\"like_sc_button_450509956\">UYGUAMAYI \u0130ND\u0130R<\/a><\/div>[vc_single_image image=&#8221;10819&#8243; img_size=&#8221;75&#215;75&#8243; alignment=&#8221;center&#8221;][vc_column_text]\u00d6ncelikle Bu Ba\u011flant\u0131dan\u00a0<a href=\"https:\/\/play.google.com\/store\/apps\/details?id=com.nst.iptvsmarterstvbox\"><strong><em>IPTV SMARTERS\u00a0<\/em><\/strong><\/a>Uygulamas\u0131 indirilir. Daha sonra s\u0131ras\u0131 ile a\u015fa\u011f\u0131daki bilgileri giriniz ve Giri\u015fe basarak Kanallar\u0131 ve Vodlar\u0131 a\u00e7abilirsiniz.<\/p>\n<p><em><strong>Kurulum S\u0131ras\u0131 ile;<\/strong><\/em><\/p>\n<ul>\n<li>\u00d6ncelikle Yukar\u0131daki Ba\u011flant\u0131dan Uygulamay\u0131 \u0130ndirin ve Android Cihaz\u0131n\u0131za Kurunuz.<\/li>\n<li>Xtream Kodlar\u0131 API\u2019si ile giri\u015f yap\u0131n butonuna t\u0131klay\u0131n<\/li>\n<li>ilk sat\u0131ra SMSDIGITV yaz\u0131n\u0131z<\/li>\n<li>IPTV Sa\u011flay\u0131c\u0131n\u0131zdan alm\u0131\u015f oldu\u011funuz Kullan\u0131c\u0131 Ad\u0131n\u0131z\u0131 Giriniz<\/li>\n<li>IPTV Sa\u011flay\u0131c\u0131n\u0131zdan alm\u0131\u015f oldu\u011funuz \u015eifrenizi Giriniz<\/li>\n<li>IPTV Sa\u011flay\u0131c\u0131n\u0131zdan alm\u0131\u015f oldu\u011funuz IPTV URL linkinizi giriniz<\/li>\n<li>Kullan\u0131c\u0131 Ekle Butonuna Basarak Yay\u0131nlar\u0131n\u0131z\u0131 izlemeye ba\u015flayabilirsiniz.<\/li>\n<\/ul>\n<p><strong><em>Not: <\/em><\/strong><em>Uygulama tamamen \u00fccretsizdir ve reklam i\u00e7erebilir.<\/em><\/p>\n<p><em>Yeni Nesil TV Keyfi<\/em>[\/vc_column_text][\/vc_tta_section][vc_tta_section title=&#8221;GSE SMART IPTV KURULUMU&#8221; tab_id=&#8221;1605089003897-1784626e-e781&#8243;][vc_single_image image=&#8221;10816&#8243; img_size=&#8221;75&#215;75&#8243; alignment=&#8221;center&#8221;][vc_column_text]\u00d6ncelikle Google Play Store \u2018ye Giriniz.<\/p>\n<p><em><strong><a href=\"https:\/\/play.google.com\/store\/apps\/details?id=com.gsetech.smartiptv&amp;hl=tr\">GSE SMART IPTV<\/a><\/strong><\/em>\u00a0Adl\u0131 Uygulamay\u0131 Android Cihaz\u0131n\u0131za indirip Kurunuz.<\/p>\n<p><em><strong>Xtream Codes API y\u00fckleme:<\/strong><\/em><\/p>\n<ul>\n<li>GSE Smart Iptv Program\u0131n\u0131 A\u00e7\u0131n\u0131z,<\/li>\n<li>Sol \u00fcstte bulunan \u00fc\u00e7 \u00e7izgiye t\u0131klay\u0131n,<\/li>\n<li>Xtreme-Cides Api yazan yere t\u0131klay\u0131n,<\/li>\n<li>A\u00e7\u0131lan sayfada sa\u011f \u00fcstteki + i\u015faretine t\u0131klay\u0131n,<\/li>\n<li>\u00c7\u0131kan ekranda a\u015fa\u011f\u0131daki bilgileri yaz\u0131n ve Eklemek butonuna t\u0131klay\u0131n.<\/li>\n<\/ul>\n<p><em><strong>Bunlar;<\/strong><\/em><\/p>\n<ul>\n<li><strong>Playlist ad\u0131 =<\/strong> SMSDIGITV<\/li>\n<li><strong>Alttaki b\u00f6l\u00fcm =<\/strong>\u00a0http:\/\/URL:Port<\/li>\n<li><strong>Bir alttaki k\u0131s\u0131m =<\/strong>\u00a0Kullan\u0131c\u0131 ad\u0131n\u0131z\u0131 yaz\u0131n\u0131z<\/li>\n<li><strong>Bir alttaki k\u0131s\u0131m =<\/strong>\u00a0\u015eifreniz<\/li>\n<\/ul>\n<p>Eklemek tu\u015funa bas\u0131n\u0131z. Kurulum tamamland\u0131. \u00dcstte \u00e7\u0131kan k\u0131sma basarak a\u00e7\u0131n\u0131z. A\u00e7\u0131lan sayfada;<\/p>\n<ul>\n<li><strong>Live:<\/strong>\u00a0yazan yerde kanallar,<\/li>\n<li><strong>Vod:<\/strong>\u00a0yazan yerde Filmler TV<\/li>\n<li><strong>Series:<\/strong>\u00a0Yazan Yerde Diziler vard\u0131r.<\/li>\n<\/ul>\n<p><em><strong>M3u yukleme ;<\/strong><\/em><\/p>\n<ul>\n<li>GSE Smart Iptv Program\u0131n\u0131 A\u00e7\u0131n\u0131z,<\/li>\n<li>Sol \u00fcstte bulunan \u00fc\u00e7 \u00e7izgiye t\u0131klay\u0131n,<\/li>\n<li>Uzaktan oynatma listeleri yazan yere t\u0131klay\u0131n,<\/li>\n<li>A\u00e7\u0131lan sayfada sa\u011f \u00fcstteki + isaretine t\u0131klay\u0131n,<\/li>\n<li>A\u00e7\u0131lan sayfada m3U url ekle k\u0131sm\u0131na t\u0131klay\u0131n.<\/li>\n<li>Playlist ad\u0131na SMSDIGITV yazabilirsiniz.<\/li>\n<li>Alttaki k\u0131sma Size g\u00f6nderilen linki yap\u0131\u015ft\u0131r\u0131p add tu\u015funa bas\u0131n.<\/li>\n<\/ul>\n<p>Kurulum tamamland\u0131. \u00dcstte \u00e7\u0131kan k\u0131sma basarak a\u00e7\u0131n\u0131z. A\u00e7\u0131lan sayfadan Kanallara, Dizi ve Filmlere ula\u015fabilirsiniz.<\/p>\n<p><strong><em>Not: <\/em><\/strong><em>Uygulama demo s\u00fcr\u00fcmd\u00fcr ve \u00fccretlidir, uygulama reklam i\u00e7erebilir.<\/em><\/p>\n<p><em>Yeni Nesil TV Keyfi<\/em>[\/vc_column_text]<div class=\"btn-wrap align-center\">\r\n\t<a href=\"https:\/\/play.google.com\/store\/apps\/details?id=com.gsetech.smartiptv&#038;hl=tr\"  class=\"btn  btn-main color-hover-default align-center\" id=\"like_sc_button_124528291\">UYGULAMAYI \u0130ND\u0130R<\/a><\/div>[\/vc_tta_section][vc_tta_section title=&#8221;IPTV EXTREME KURULUMU&#8221; tab_id=&#8221;1605089343895-fd4670c6-dff9&#8243;][vc_single_image image=&#8221;10818&#8243; img_size=&#8221;75&#215;75&#8243; alignment=&#8221;center&#8221; title=&#8221;IPTV EXTREME KURULUMU&#8221;][vc_column_text]<\/p>\n<div class=\"kc-elm kc-css-926703 kc_text_block\">\n<p>\u00d6ncelikle Bu Ba\u011flant\u0131dan\u00a0<a href=\"https:\/\/play.google.com\/store\/apps\/details?id=com.pecana.iptvextreme&amp;hl=tr\"><strong><em>IPTV EXTREME\u00a0<\/em><\/strong><\/a>Uygulamas\u0131 indirilir. Daha sonra s\u0131ras\u0131 ile a\u015fa\u011f\u0131daki bilgileri giriniz ve Giri\u015fe basarak Kanallar\u0131 ve Vodlar\u0131 a\u00e7abilirsiniz. IPTV EXTREME Uygulamas\u0131na 3 \u015fekilde IPTV Eklenebilir bunlar;<\/p>\n<h4><strong>1.\u00a0<\/strong>Talimat;<\/h4>\n<ul>\n<li>\u00d6ncelikle Yukar\u0131daki Ba\u011flant\u0131dan Uygulamay\u0131 \u0130ndirin ve Android Cihaz\u0131n\u0131za Kurunuz.<\/li>\n<li>Sa\u011f \u00dcst K\u00f6\u015feden \u201c\u00fc\u00e7 nokta&#8221; olan menu butonuna bas\u0131n\u0131z<\/li>\n<li>Oynatma Listeleri ba\u015fl\u0131\u011f\u0131n\u0131 se\u00e7iniz<\/li>\n<li>OYNATMA L\u0130STES\u0130 EKLE butonuna t\u0131klay\u0131n\u0131z<\/li>\n<li>Xtream Kodlar\u0131 API\u2019si ile giri\u015f yap\u0131n butonuna t\u0131klay\u0131n<\/li>\n<li>ilk sat\u0131ra SMSDIGITV yaz\u0131n\u0131z<\/li>\n<li>IPTV Sa\u011flay\u0131c\u0131n\u0131zdan alm\u0131\u015f oldu\u011funuz IPTV URL linkinizi giriniz<\/li>\n<li>IPTV Sa\u011flay\u0131c\u0131n\u0131zdan alm\u0131\u015f oldu\u011funuz Kullan\u0131c\u0131 Ad\u0131n\u0131z\u0131 Giriniz<\/li>\n<li>IPTV Sa\u011flay\u0131c\u0131n\u0131zdan alm\u0131\u015f oldu\u011funuz \u015eifrenizi Giriniz<\/li>\n<li>Tamam Butonuna Basarak Yay\u0131nlar\u0131n\u0131z\u0131 izlemeye ba\u015flayabilirsiniz.<\/li>\n<\/ul>\n<h4>2. Talimat;<\/h4>\n<ul>\n<li>\u00d6ncelikle Yukar\u0131daki Ba\u011flant\u0131dan Uygulamay\u0131 \u0130ndirin ve Android Cihaz\u0131n\u0131za Kurunuz.<\/li>\n<li>Sa\u011f \u00dcst K\u00f6\u015feden \u201c\u00fc\u00e7 nokta&#8221; olan menu butonuna bas\u0131n\u0131z<\/li>\n<li>Oynatma Listeleri ba\u015fl\u0131\u011f\u0131n\u0131 se\u00e7iniz<\/li>\n<li>OYNATMA L\u0130STES\u0130 EKLE butonuna t\u0131klay\u0131n\u0131z<\/li>\n<li>Oynatma Listesine Dosya Ya Da Link butonuna t\u0131klay\u0131n\u0131z<\/li>\n<li>Oynatma Listesi Ad\u0131 : SMSDIGITV yaz\u0131n\u0131z<\/li>\n<li>IPTV Sa\u011flay\u0131c\u0131n\u0131zdan alm\u0131\u015f oldu\u011funuz m3u uzant\u0131l\u0131 linkinizi 2. Sat\u0131ra yap\u0131\u015ft\u0131r\u0131p Tamam deyin<\/li>\n<\/ul>\n<h4>3. Talimat;<\/h4>\n<ul>\n<li>\u00d6ncelikle Yukar\u0131daki Ba\u011flant\u0131dan Uygulamay\u0131 \u0130ndirin ve Android Cihaz\u0131n\u0131za Kurunuz.<\/li>\n<li>Sa\u011f \u00dcst K\u00f6\u015feden \u201c\u00fc\u00e7 nokta&#8221; olan menu butonuna bas\u0131n\u0131z<\/li>\n<li>Oynatma Listeleri ba\u015fl\u0131\u011f\u0131n\u0131 se\u00e7iniz<\/li>\n<li>OYNATMA L\u0130STES\u0130 EKLE butonuna t\u0131klay\u0131n\u0131z<\/li>\n<li>IPTV Extreme Portal ba\u015fl\u0131\u011f\u0131na t\u0131klay\u0131n\u0131z ve Ekrana gelen K\u0131rm\u0131z\u0131 Renkli MAC adresinizi IPTV Sa\u011flay\u0131c\u0131n\u0131z ile payla\u015farak eklenmesini bekleyiniz.<\/li>\n<\/ul>\n<p><strong><em>Not: <\/em><\/strong><em>Uygulaman\u0131n \u00fccretsiz s\u00fcr\u00fcm\u00fcnde reklamlar vard\u0131r, reklams\u0131z versiyonu \u00fccretlidir.<\/em><strong><em><br \/>\n<\/em><\/strong><\/p>\n<p><em>Yeni Nesil TV Keyfi<\/em><\/p>\n<\/div>\n<div class=\"kc-elm kc-css-545079 kc_row kc_row_inner\">\n<div class=\"kc-elm kc-css-288549 kc_col-sm-12 kc_column_inner col-md-12 col-sm-12\">\n<div class=\"kc_wrapper kc-col-inner-container\"><\/div>\n<\/div>\n<\/div>\n<p>[\/vc_column_text]<div class=\"btn-wrap align-center\">\r\n\t<a href=\"https:\/\/play.google.com\/store\/apps\/details?id=com.pecana.iptvextreme\"  class=\"btn  btn-main color-hover-default align-center\" id=\"like_sc_button_1875649713\">UYGULAMAYI \u0130ND\u0130R<\/a><\/div>[\/vc_tta_section][\/vc_tta_accordion][\/vc_column][\/vc_row]<\/p>\n<\/div>","protected":false},"excerpt":{"rendered":"<p>[vc_section][vc_row][vc_column][vc_column_text] Android \u0130\u015fletim sistemli b\u00fct\u00fcn cihazlar\u0131n\u0131zda a\u015fa\u011f\u0131daki uygulamalar arac\u0131l\u0131\u011f\u0131 ile SMSDIGITV&#8217;yi sorunsuz bir \u015fekilde izleyebilirsiniz. Y\u00fczlerce uygulama aras\u0131ndan en \u00e7ok indirilen ve stabil olan uygulamalar\u0131n kurulum talimatlar\u0131n\u0131 a\u015fa\u011f\u0131dan detayl\u0131ca inceleyebilirsiniz. [\/vc_column_text][\/vc_column][\/vc_row][\/vc_section][vc_row css=&#8221;.vc_custom_1605089714829{margin-top: 50px !important;}&#8221;][vc_column width=&#8221;2\/3&#8243;]Kurulum Talimatlar\u0131[vc_tta_accordion active_section=&#8221;&#8221;][vc_tta_section title=&#8221;SMSDIGITV KURULUMU&#8221; tab_id=&#8221;1605089003883-05ab2ccb-7b8b&#8221;][vc_single_image image=&#8221;11862&#8243; img_size=&#8221;75&#215;75&#8243; alignment=&#8221;center&#8221;][vc_column_text]\u00d6ncelikle Google Play Store \u2018ye Giriniz. SMSDIGITV\u00a0Adl\u0131 Uygulamay\u0131 Android Cihaz\u0131n\u0131za indirip Kurunuz. Daha \u00f6nceden size g\u00f6nderilmi\u015f olan \u00fcyelik linkinizde bulunan bilgileri a\u015fa\u011f\u0131daki gibi giriniz, \u00dcyelik Linki : http:\/\/url:port\/get.php&amp;username=\u2026\u2026\u2026&amp;password=\u2026\u2026\u2026\u2026.&amp;type=m3u_plus&amp;output=mpegts 1. Noktal\u0131 Alan\u00a0(username)\u00a0Kullan\u0131c\u0131 Ad\u0131n\u0131z 2. Noktal\u0131 Alan\u00a0(password)\u00a0\u015eifrenizdir. Uygulamada \u0130lk A\u00e7\u0131lan ekranda bulunan kutucuklara 1. Kutucu\u011fa Kullan\u0131c\u0131 Ad\u0131n\u0131z, 2. Kutucu\u011fa ise \u015eifrenizi girerek Giri\u015f butonuna basman\u0131z yeterlidir. Kurulum tamamland\u0131. Kanallar\u0131n\u0131z\u0131 izlemek i\u00e7in haz\u0131rs\u0131n\u0131z. LIVE TV (Canl\u0131 Kanallar) GUIDE (G\u00fcnl\u00fck Program) VOD (Filmler ve Film Ar\u015fivi) SERIES (Diziler ve Seri Ar\u015fivi) Not: Uygulama tamamen \u00fccretsizdir. Yeni Nesil TV Keyfi[\/vc_column_text] GOOGLE PLAY STORE [&hellip;]<\/p>\n","protected":false},"author":7,"featured_media":0,"parent":0,"menu_order":0,"comment_status":"closed","ping_status":"closed","template":"","meta":{"footnotes":""},"class_list":["post-12152","page","type-page","status-publish","hentry"],"_links":{"self":[{"href":"https:\/\/smsdigitv.de\/tr\/wp-json\/wp\/v2\/pages\/12152","targetHints":{"allow":["GET"]}}],"collection":[{"href":"https:\/\/smsdigitv.de\/tr\/wp-json\/wp\/v2\/pages"}],"about":[{"href":"https:\/\/smsdigitv.de\/tr\/wp-json\/wp\/v2\/types\/page"}],"author":[{"embeddable":true,"href":"https:\/\/smsdigitv.de\/tr\/wp-json\/wp\/v2\/users\/7"}],"replies":[{"embeddable":true,"href":"https:\/\/smsdigitv.de\/tr\/wp-json\/wp\/v2\/comments?post=12152"}],"version-history":[{"count":4,"href":"https:\/\/smsdigitv.de\/tr\/wp-json\/wp\/v2\/pages\/12152\/revisions"}],"predecessor-version":[{"id":12156,"href":"https:\/\/smsdigitv.de\/tr\/wp-json\/wp\/v2\/pages\/12152\/revisions\/12156"}],"wp:attachment":[{"href":"https:\/\/smsdigitv.de\/tr\/wp-json\/wp\/v2\/media?parent=12152"}],"curies":[{"name":"wp","href":"https:\/\/api.w.org\/{rel}","templated":true}]}}