{"id":12158,"date":"2022-09-12T17:18:18","date_gmt":"2022-09-12T17:18:18","guid":{"rendered":"https:\/\/smsdigitv.de\/tr\/?page_id=12158"},"modified":"2023-07-20T18:40:55","modified_gmt":"2023-07-20T18:40:55","slug":"is-ortakligi","status":"publish","type":"page","link":"https:\/\/smsdigitv.de\/tr\/is-ortakligi\/","title":{"rendered":"\u0130\u015f Ortakl\u0131\u011f\u0131"},"content":{"rendered":"<div class=\"wpb-content-wrapper\"><p>[vc_section][vc_row][vc_column]<div class=\"heading  header-subheader align-center subcolor-main transform-default has-subheader theme-icon-second icon-type-hidden heading-tag-h2\" id=\"like_sc_header_1923871229\"><h6 class=\"subheader ltx-sr-id-like_sc_header_1923871229787520318 ltx-sr ltx-sr-effect-fade_in ltx-sr-el-block ltx-sr-delay-100 ltx-sr-duration-300 ltx-sr-sequences-50\">SMSDIGITV ile i\u015f orta\u011f\u0131 olmak \u00e7ok kolay<\/h6><h2 data-text=\"Bayilik \u015fartlar\u0131m\u0131z ve Bayilerimizin ayr\u0131cal\u0131klar\u0131 a\u015fa\u011f\u0131daki gibidir.\" class=\"header ltx-sr-id-like_sc_header_19238712291267656318 ltx-sr ltx-sr-effect-fade_in ltx-sr-el-block ltx-sr-delay-0 ltx-sr-duration-1000 ltx-sr-sequences-0 ltx-check-scroll ltx-glitch done\">Bayilik \u015fartlar\u0131m\u0131z ve Bayilerimizin ayr\u0131cal\u0131klar\u0131 a\u015fa\u011f\u0131daki gibidir.<\/h2><\/div>[vc_column_text]<\/p>\n<p style=\"text-align: center;\">T\u00fcrkiye ve Avrupa\u2019n\u0131n en Kaliteli IPTV PLATFORMUNDA \u0130\u015f Orta\u011f\u0131 Olma F\u0131rsat\u0131n\u0131 Ka\u00e7\u0131rma! Lokal Kanallar\u0131m\u0131z, G\u00fcnl\u00fck G\u00fcncellenen VoD ve Dizi Ar\u015fivi, Kaliteli Sunucular\u0131m\u0131z ve Kendimize Ait Panelimiz ile Sunmu\u015f oldu\u011fumuz kaliteli hizmetin Siz de\u011ferli i\u015f orta\u011f\u0131 adaylar\u0131m\u0131z ile yayg\u0131nla\u015fmas\u0131nda, yeni \u00fcye kitlesine ula\u015fmam\u0131zda, SMSDIGITV i\u015f orta\u011f\u0131 olabilece\u011finizi unutmay\u0131n! SMSDIGITV \u0130\u015f Ortakl\u0131\u011f\u0131 sayesinde ek bir gelir elde edebilir ve m\u00fc\u015fterilerinize kaliteli hizmet sunabilirsiniz.<\/p>\n<p>[\/vc_column_text][\/vc_column][\/vc_row][\/vc_section][vc_row full_width=&#8221;stretch_row&#8221; bg_color_select=&#8221;black&#8221; css=&#8221;.vc_custom_1605084259096{margin-top: 50px !important;padding-top: 20px !important;padding-bottom: 20px !important;}&#8221;][vc_column bg_color_select=&#8221;gray&#8221; bg_overlay=&#8221;white&#8221;]<div data-mh=\"ltx-tariff-item\" class=\"tariff-item item    vc_custom_1672085521949 layout-default \"  id=\"like_sc_tariff_2078122865\"><div class=\"ltx-header-wrapper\"><h6 class=\"subheader\">Bayilik<\/h6><h4 class=\"header\">BAY\u0130L\u0130K \u015eARTLARI VE AYRICALIKLARI<\/h4><ul class=\"ltx-tariff-icons\"><\/ul><\/div><ul class=\"ltx-tariff-list\"><li>&#x1f449; <b> \u00d6ZEL BAY\u0130 PANEL\u0130 <\/b> (Kendi kullan\u0131c\u0131n\u0131 olu\u015fturabilir ve test verebilirsin)<\/li><li>&#x1f449; <b> ALT BAY\u0130L\u0130K OLU\u015eTURMA <\/b> (Alt bayilik olu\u015fturabilirsin)<\/li><li>&#x1f449; <b> \u00d6DEME KOLAYLI\u011eI <\/b>(Kredi y\u00fcklemek i\u00e7in istedi\u011fin zaman \u00f6deme yapabilirsin)<\/li><li>&#x1f4aa; <b> PROFESYONEL PANEL <\/b>(Profesyonel kullan\u0131c\u0131 paneli)<\/li><li>&#x1f44a; <b> HER G\u00dcN YEN\u0130 \u0130\u00c7ER\u0130K <\/b>(G\u00fcnl\u00fck g\u00fcncellenen i\u00e7erikler)<\/li><li>&#x2757; <b> INFO KANALI VE INFO GRUBU <\/b> (Son eklenen i\u00e7eriklerin kolay takibi)<\/li><li>&#x1f449; <b> K\u0130\u015e\u0130YE \u00d6ZEL DNS <\/b> (M\u00fc\u015fterine \u00f6zel DNS ekleyebilirsin)<\/li><li>&#x1f449; <b> T\u00dcM KANALLARA ER\u0130\u015e\u0130M <\/b><\/li><li>&#x1f514; <b> TEK PANELDEN B\u00dcT\u00dcN \u00dcLKELERE YAYIN A\u00c7MA (DE-FR-HL gibi) <\/b><\/li><li>&#x1f4bb; <b> WEBTV <\/b><\/li><li>&#x1f4bb; <b> WINDOWS UYGULAMASI <\/b><\/li><li>&#x1f4f2; <b> ANDROID UYGULAMASI <\/b><\/li><li>&#x1f4fa; <b> ANDROID TV UYGULAMASI <\/b><\/li><li>&#x1f4fa; <b> ANDROID BOX UYGULAMASI <\/b><\/li><li>&#x1f469;&#x200d;&#x1f4bb; <b> 7\/24 GER\u00c7EK DESTEK <\/b><\/li><li>&#x1f449; <b> 12 AYLIK 12 KRED\u0130 <\/b><\/li><li>&#x1f449; <b> 6 AYLIK 8 KRED\u0130 <\/b> <\/li><li>&#x1f449; <b> 3 AYLIK 5 KRED\u0130 <\/b> <\/li><li>&#x1f559; <b> 3 SAATL\u0130K TEST 0 KRED\u0130 <\/b><\/li><li>&#x1f559; <b> 6 SAATL\u0130K TEST 0 KRED\u0130 <\/b><\/li><li>&#x1f559; <b> 24 SAATL\u0130K TEST 0 KRED\u0130 <\/b><\/li><li>&#x1f4af; <b> \u00dcLKE KISITLAMASI VARDIR!!! <\/b> (Yanl\u0131z T\u00fcrkiye i\u00e7in sat\u0131\u015f yapabilirsiniz)<\/li><\/ul><div><a href=\"https:\/\/wa.me\/+905072566348?text=www.smsdigitv.de%20Merhaba%20Bayilik%20i\u00e7in%20g\u00f6r\u00fc\u015fmek%20istiyorum.\" class=\"btn btn-lg  btn-main\">\u0130LET\u0130\u015e\u0130ME GE\u00c7<\/a><\/div><\/div>[\/vc_column][\/vc_row][vc_row css=&#8221;.vc_custom_1605084544613{margin-top: 50px !important;margin-bottom: 50px !important;}&#8221;][vc_column][vc_tta_accordion][vc_tta_section title=&#8221;\u0130stedi\u011fim her yerde sat\u0131\u015f yapabilir miyim?&#8221; tab_id=&#8221;1605084348682-0cea1a52-9ba5&#8243;][vc_column_text]Yanlizca T\u00fcrkiye KKTC ve Azerbaycan da \u00e7al\u0131\u015f\u0131r. Sat\u0131\u015f yapt\u0131\u011f\u0131n\u0131zda krediniz sat\u0131\u015f yapt\u0131\u011f\u0131n\u0131z pakete g\u00f6re de\u011fi\u015fkenlik g\u00f6steriyor ve kredinizden d\u00fc\u015f\u00fcyor.[\/vc_column_text][\/vc_tta_section][vc_tta_section title=&#8221;Hesab\u0131m ve y\u00f6netim panelim ne kadar s\u00fcrede aktif olur?&#8221; tab_id=&#8221;1644660172036-7674a204-63c7&#8243;][vc_column_text]\u00d6demeniz taraf\u0131m\u0131za ula\u015ft\u0131ktan sonra, 5 dakika i\u00e7erisinde istedi\u011finiz bilgiler do\u011frultusunda bayilik paneliniz aktif edilerek taraf\u0131n\u0131za g\u00f6nderilir. Panelimiz profesyonel panel olup %100 g\u00fcvenliklidir.[\/vc_column_text][\/vc_tta_section][vc_tta_section title=&#8221;Panel e\u011fitimi ve teknik destek var m\u0131?&#8221; tab_id=&#8221;1605084348703-1c9052c8-c36a&#8221;][vc_column_text]Paneliniz Size teslim edildi\u011finde panel e\u011fitimi verilir. En ufak bir sorunuz veya sorununuzda an\u0131nda destek olunur ve \u00e7\u00f6z\u00fcm \u00fcretilir.[\/vc_column_text][\/vc_tta_section][vc_tta_section title=&#8221;\u00dccretlendirme&#8221; tab_id=&#8221;1605084410394-aa39a571-f000&#8243;][vc_column_text]<\/p>\n<ul>\n<li>Kullan\u0131c\u0131lar\u0131n\u0131za yapt\u0131\u011f\u0131n\u0131z sat\u0131\u015flar kredi sistemi ile panelinizden hesaplanmaktad\u0131r ve kredinizden otomatik d\u00fc\u015fmektedir.<\/li>\n<li>Bayilik \u00fccreti bir defaya mahsus minimum <del>100\u20ac<\/del>&#8216;dur. (Art\u0131k ilk a\u00e7\u0131l\u0131\u015f \u00fccreti alm\u0131yorum) Krediniz bittik\u00e7e kredi alabilirsiniz.<\/li>\n<li>Kredi eklemek istedi\u011finizde en az 120 kredi alman\u0131z gereklidir.<\/li>\n<li><strong>\u00d6rne\u011fin;<\/strong> <em>\u0130lk sat\u0131n ald\u0131\u011f\u0131n\u0131zda panelinize 120 Kredi olarak eklenir tan\u0131mlan\u0131r.<\/em><\/li>\n<li>Size ait bir panel verilir ve kendi m\u00fc\u015fterilerinizi kendiniz a\u00e7\u0131p, kendiniz y\u00f6netirsiniz.<\/li>\n<\/ul>\n<p>[\/vc_column_text][\/vc_tta_section][vc_tta_section title=&#8221;Bayilerimize Tan\u0131d\u0131\u011f\u0131m\u0131z Ayr\u0131cal\u0131klar&#8221; tab_id=&#8221;1605084443444-53d66604-5e51&#8243;][vc_column_text]Mevcut ve Yeni bayilerimize tan\u0131d\u0131\u011f\u0131m\u0131z ayr\u0131cal\u0131klar;<\/p>\n<ul>\n<li>Android Uygulama<\/li>\n<li>Windows Uygulama<\/li>\n<li>Web TV Hizmeti<\/li>\n<li>Alt Bayi Olu\u015fturma<\/li>\n<li>Kanal Listesi D\u00fczenleme<\/li>\n<li>Kanal Ekleme \u00c7\u0131karma<\/li>\n<li>\u015eifre De\u011fi\u015ftirme<\/li>\n<li>DNS Tan\u0131mlama (\u00dccretli)<\/li>\n<li>\u00dccretsiz Test Paneli<\/li>\n<li>3 \u2013 6 &#8211; 24 Saatlik Testler s\u0131n\u0131rs\u0131z<\/li>\n<\/ul>\n<p>[\/vc_column_text][\/vc_tta_section][vc_tta_section title=&#8221;Kullan\u0131c\u0131 A\u00e7arken Dikkat Edilmesi Gerekenler&#8221; tab_id=&#8221;1605084444786-b2e996b1-3388&#8243;][vc_column_text]Bayilik panelinizden kullan\u0131c\u0131 veya manuel test olu\u015ftururken \u00fc,\u00e7,\u015f,\u011f,\u0131 harferini ve \u00f6zel karakter kullanmaman\u0131z\u0131 \u00f6neririz. Aksi halde kullan\u0131c\u0131n\u0131z\u0131 aktif ettikten sonra bu harfleri veya \u00f6zel karakterler eklediyseniz sorun ya\u015fayabilirsiniz. D\u00fczeltmek i\u00e7in Bizimle ileti\u015fime ge\u00e7ebilirsiniz.[\/vc_column_text][\/vc_tta_section][vc_tta_section title=&#8221;\u00d6deme Kolayl\u0131\u011f\u0131 Var m\u0131?&#8221; tab_id=&#8221;1605484953796-072d2ae5-da61&#8243;][vc_column_text]Kar\u015f\u0131kl\u0131 g\u00fcvene dayanan bir al\u0131\u015fveri\u015f oldu\u011fu taktirde \u00f6deme kolayl\u0131\u011f\u0131 her zaman sa\u011flanmaktad\u0131r.[\/vc_column_text][\/vc_tta_section][\/vc_tta_accordion][\/vc_column][\/vc_row][vc_row][vc_column]<div class=\"heading  header-subheader align-center subcolor-main transform-default theme-icon-second icon-type-hidden heading-tag-h4\" id=\"like_sc_header_1521126655\"><h4 data-text=\"Bayi Panel \u00d6zellikleri ve Yetkileri\" class=\"header ltx-sr-id-like_sc_header_1521126655279711666 ltx-sr ltx-sr-effect-fade_in ltx-sr-el-block ltx-sr-delay-0 ltx-sr-duration-1000 ltx-sr-sequences-0 ltx-check-scroll ltx-glitch done\">Bayi Panel \u00d6zellikleri ve Yetkileri<\/h4><\/div><div class=\"es-resp\">\t<div class=\"visible-xl\" style=\"height: 80px;\"><\/div>\t<div class=\"hidden-xl hidden-md hidden-sm hidden-ms hidden-xs\" style=\"height: 80px;\"><\/div>\t<div class=\"visible-md\" style=\"height: 80px;\"><\/div>\t<div class=\"visible-sm \" style=\"height: 80px;\"><\/div>\t<div class=\"visible-ms\" style=\"height: 64px;\"><\/div>\t<div class=\"visible-xs\" style=\"height: 64px;\"><\/div><\/div><ul class=\"ltx-block-icon  has-descr  icons-count-3 align-center ltx-icon-color-main ltx-icon-size-xl ltx-header-color-default ltx-icon-type-circle ltx-bg-color-transparent layout-cols3 ltx-icon-top  row centered\"  id=\"like_sc_block_icon_1628945264\"><li class=\" col-lg-4 col-md-4 col-sm-4 col-ms-4 col-xs-12\" ><div   class=\"in\"><span class=\"ltx-icon fas fa-globe-africa bg-transparent\"><\/span> <h6 class=\"header\"> Size \u00d6zel Hizmetler <\/h6> <div class=\"descr\">Size ait \u00f6zel DNS (belirli bir \u00fccret kar\u015f\u0131l\u0131\u011f\u0131nda) , Size ait Apk ve internet sayfas\u0131 (uygun bir \u00fccret ile) her t\u00fcrl\u00fc yard\u0131m ve destek ile k\u0131sa s\u00fcrede teslim edilir.<\/div><\/div><\/li><li class=\" col-lg-4 col-md-4 col-sm-4 col-ms-4 col-xs-12\" ><div   class=\"in\"><span class=\"ltx-icon fas fa-solar-panel bg-transparent\"><\/span> <h6 class=\"header\"> Kontrol Paneli <\/h6> <div class=\"descr\">Profesyonel sistemlerimizden b\u00fcy\u00fck yat\u0131r\u0131mlar yapmadan faydalabilirsiniz.<\/div><\/div><\/li><li class=\" col-lg-4 col-md-4 col-sm-4 col-ms-4 col-xs-12 \" ><div   class=\"in\"><span class=\"ltx-icon fas fa-shield-alt bg-transparent\"><\/span> <h6 class=\"header\"> Teknoloji <\/h6> <div class=\"descr\">D\u00fcnya \u00c7ap\u0131nda En \u0130yi Donan\u0131mlar\u0131 Tercih Etmekteyiz Kanallar\u0131m\u0131z Uzman Ki\u015filer Taraf\u0131ndan 24 Saat Takip Edilerek Sorunlara Saniyeler \u0130\u00e7erisinde M\u00fcdahale Edilmektedir.<\/div><\/div><\/li><\/ul><div class=\"es-resp\">\t<div class=\"visible-xl\" style=\"height: 80px;\"><\/div>\t<div class=\"hidden-xl hidden-md hidden-sm hidden-ms hidden-xs\" style=\"height: 80px;\"><\/div>\t<div class=\"visible-md\" style=\"height: 80px;\"><\/div>\t<div class=\"visible-sm \" style=\"height: 80px;\"><\/div>\t<div class=\"visible-ms\" style=\"height: 64px;\"><\/div>\t<div class=\"visible-xs\" style=\"height: 64px;\"><\/div><\/div>[\/vc_column][\/vc_row]<\/p>\n<\/div>","protected":false},"excerpt":{"rendered":"<p>[vc_section][vc_row][vc_column]SMSDIGITV ile i\u015f orta\u011f\u0131 olmak \u00e7ok kolayBayilik \u015fartlar\u0131m\u0131z ve Bayilerimizin ayr\u0131cal\u0131klar\u0131 a\u015fa\u011f\u0131daki gibidir.[vc_column_text] T\u00fcrkiye ve Avrupa\u2019n\u0131n en Kaliteli IPTV PLATFORMUNDA \u0130\u015f Orta\u011f\u0131 Olma F\u0131rsat\u0131n\u0131 Ka\u00e7\u0131rma! Lokal Kanallar\u0131m\u0131z, G\u00fcnl\u00fck G\u00fcncellenen VoD ve Dizi Ar\u015fivi, Kaliteli Sunucular\u0131m\u0131z ve Kendimize Ait Panelimiz ile Sunmu\u015f oldu\u011fumuz kaliteli hizmetin Siz de\u011ferli i\u015f orta\u011f\u0131 adaylar\u0131m\u0131z ile yayg\u0131nla\u015fmas\u0131nda, yeni \u00fcye kitlesine ula\u015fmam\u0131zda, SMSDIGITV i\u015f orta\u011f\u0131 olabilece\u011finizi unutmay\u0131n! SMSDIGITV \u0130\u015f Ortakl\u0131\u011f\u0131 sayesinde ek bir gelir elde edebilir ve m\u00fc\u015fterilerinize kaliteli hizmet sunabilirsiniz. [\/vc_column_text][\/vc_column][\/vc_row][\/vc_section][vc_row full_width=&#8221;stretch_row&#8221; bg_color_select=&#8221;black&#8221; css=&#8221;.vc_custom_1605084259096{margin-top: 50px !important;padding-top: 20px !important;padding-bottom: 20px !important;}&#8221;][vc_column bg_color_select=&#8221;gray&#8221; bg_overlay=&#8221;white&#8221;]BayilikBAY\u0130L\u0130K \u015eARTLARI VE AYRICALIKLARI&#x1f449; \u00d6ZEL BAY\u0130 PANEL\u0130 (Kendi kullan\u0131c\u0131n\u0131 olu\u015fturabilir ve test verebilirsin)&#x1f449; ALT BAY\u0130L\u0130K OLU\u015eTURMA (Alt bayilik olu\u015fturabilirsin)&#x1f449; \u00d6DEME KOLAYLI\u011eI (Kredi y\u00fcklemek i\u00e7in istedi\u011fin zaman \u00f6deme yapabilirsin)&#x1f4aa; PROFESYONEL PANEL (Profesyonel kullan\u0131c\u0131 paneli)&#x1f44a; HER G\u00dcN YEN\u0130 \u0130\u00c7ER\u0130K (G\u00fcnl\u00fck g\u00fcncellenen i\u00e7erikler)&#x2757; INFO KANALI VE INFO GRUBU [&hellip;]<\/p>\n","protected":false},"author":7,"featured_media":0,"parent":0,"menu_order":0,"comment_status":"closed","ping_status":"closed","template":"","meta":{"footnotes":""},"class_list":["post-12158","page","type-page","status-publish","hentry"],"_links":{"self":[{"href":"https:\/\/smsdigitv.de\/tr\/wp-json\/wp\/v2\/pages\/12158","targetHints":{"allow":["GET"]}}],"collection":[{"href":"https:\/\/smsdigitv.de\/tr\/wp-json\/wp\/v2\/pages"}],"about":[{"href":"https:\/\/smsdigitv.de\/tr\/wp-json\/wp\/v2\/types\/page"}],"author":[{"embeddable":true,"href":"https:\/\/smsdigitv.de\/tr\/wp-json\/wp\/v2\/users\/7"}],"replies":[{"embeddable":true,"href":"https:\/\/smsdigitv.de\/tr\/wp-json\/wp\/v2\/comments?post=12158"}],"version-history":[{"count":22,"href":"https:\/\/smsdigitv.de\/tr\/wp-json\/wp\/v2\/pages\/12158\/revisions"}],"predecessor-version":[{"id":12339,"href":"https:\/\/smsdigitv.de\/tr\/wp-json\/wp\/v2\/pages\/12158\/revisions\/12339"}],"wp:attachment":[{"href":"https:\/\/smsdigitv.de\/tr\/wp-json\/wp\/v2\/media?parent=12158"}],"curies":[{"name":"wp","href":"https:\/\/api.w.org\/{rel}","templated":true}]}}