{"id":12237,"date":"2022-09-25T13:14:49","date_gmt":"2022-09-25T13:14:49","guid":{"rendered":"https:\/\/smsdigitv.de\/tr\/?page_id=12237"},"modified":"2022-09-25T13:53:58","modified_gmt":"2022-09-25T13:53:58","slug":"amazon-stick","status":"publish","type":"page","link":"https:\/\/smsdigitv.de\/tr\/amazon-stick\/","title":{"rendered":"Amazon Stick"},"content":{"rendered":"<div class=\"wpb-content-wrapper\"><p>[vc_row][vc_column]<div class=\"heading  header-subheader align-center subcolor-main transform-default has-subheader theme-icon-second icon-type-hidden heading-tag-h2\" id=\"like_sc_header_1530105689\"><h6 class=\"subheader ltx-sr-id-like_sc_header_15301056891184781744 ltx-sr ltx-sr-effect-fade_in ltx-sr-el-block ltx-sr-delay-100 ltx-sr-duration-300 ltx-sr-sequences-50\">SMSDIGITV<\/h6><h2 data-text=\"SMSDIGITV Player\" class=\"header ltx-sr-id-like_sc_header_1530105689660667652 ltx-sr ltx-sr-effect-fade_in ltx-sr-el-block ltx-sr-delay-0 ltx-sr-duration-1000 ltx-sr-sequences-0 ltx-check-scroll ltx-glitch done\">SMSDIGITV Player<\/h2><\/div>[vc_column_text]<\/p>\n<p style=\"text-align: center;\">Android \u0130\u015fletim Sistemleri \u0130\u00e7in Geli\u015ftiridi\u011fimiz Uygulamam\u0131z\u0131 A\u015fa\u011f\u0131daki Butona T\u0131klay\u0131p \u0130ndirebilirsiniz.<\/p>\n<p>[\/vc_column_text][vc_separator][vc_single_image image=&#8221;12241&#8243; img_size=&#8221;medium&#8221; alignment=&#8221;center&#8221; onclick=&#8221;custom_link&#8221; link=&#8221;http:\/\/smsigitv.de\/smsdigitv.apk&#8221;][vc_separator][vc_media_grid style=&#8221;lazy&#8221; element_width=&#8221;3&#8243; gap=&#8221;10&#8243; item=&#8221;masonryMedia_Default&#8221; grid_id=&#8221;vc_gid:1664113644026-e825efe86211bd1b7bb0f026076f9e01-3&#8243; include=&#8221;12227,12228,12229,12230&#8243;][\/vc_column][\/vc_row][vc_row][vc_column]<div class=\"heading  header-subheader align-center subcolor-main transform-default has-subheader theme-icon-second icon-type-hidden heading-tag-h2\" id=\"like_sc_header_879497634\"><h6 class=\"subheader ltx-sr-id-like_sc_header_8794976341833789590 ltx-sr ltx-sr-effect-fade_in ltx-sr-el-block ltx-sr-delay-100 ltx-sr-duration-300 ltx-sr-sequences-50\">SMSDIGITV<\/h6><h2 data-text=\"SMSDIGITV Smarters Player\" class=\"header ltx-sr-id-like_sc_header_879497634922767244 ltx-sr ltx-sr-effect-fade_in ltx-sr-el-block ltx-sr-delay-0 ltx-sr-duration-1000 ltx-sr-sequences-0\">SMSDIGITV Smarters Player<\/h2><\/div>[vc_column_text]<\/p>\n<p style=\"text-align: center;\">Android \u0130\u015fletim Sistemleri \u0130\u00e7in Geli\u015ftiridi\u011fimiz Uygulamam\u0131z\u0131 A\u015fa\u011f\u0131daki Butona T\u0131klay\u0131p \u0130ndirebilirsiniz.<\/p>\n<p>[\/vc_column_text][vc_separator][vc_single_image image=&#8221;12241&#8243; img_size=&#8221;medium&#8221; alignment=&#8221;center&#8221; onclick=&#8221;custom_link&#8221; link=&#8221;http:\/\/smsigitv.de\/smsdigitv_smarters.apk&#8221;][vc_separator][vc_media_grid style=&#8221;lazy&#8221; element_width=&#8221;3&#8243; gap=&#8221;10&#8243; item=&#8221;masonryMedia_Default&#8221; grid_id=&#8221;vc_gid:1664113643931-4832f6e95c202668d58fed449b8cf9b0-4&#8243; include=&#8221;12222,12224,12225,12226&#8243;][\/vc_column][\/vc_row]<\/p>\n<\/div>","protected":false},"excerpt":{"rendered":"<p>[vc_row][vc_column]SMSDIGITVSMSDIGITV Player[vc_column_text] Android \u0130\u015fletim Sistemleri \u0130\u00e7in Geli\u015ftiridi\u011fimiz Uygulamam\u0131z\u0131 A\u015fa\u011f\u0131daki Butona T\u0131klay\u0131p \u0130ndirebilirsiniz. [\/vc_column_text][vc_separator][vc_single_image image=&#8221;12241&#8243; img_size=&#8221;medium&#8221; alignment=&#8221;center&#8221; onclick=&#8221;custom_link&#8221; link=&#8221;http:\/\/smsigitv.de\/smsdigitv.apk&#8221;][vc_separator][vc_media_grid style=&#8221;lazy&#8221; element_width=&#8221;3&#8243; gap=&#8221;10&#8243; item=&#8221;masonryMedia_Default&#8221; grid_id=&#8221;vc_gid:1664113644026-e825efe86211bd1b7bb0f026076f9e01-3&#8243; include=&#8221;12227,12228,12229,12230&#8243;][\/vc_column][\/vc_row][vc_row][vc_column]SMSDIGITVSMSDIGITV Smarters Player[vc_column_text] Android \u0130\u015fletim Sistemleri \u0130\u00e7in Geli\u015ftiridi\u011fimiz Uygulamam\u0131z\u0131 A\u015fa\u011f\u0131daki Butona T\u0131klay\u0131p \u0130ndirebilirsiniz. [\/vc_column_text][vc_separator][vc_single_image image=&#8221;12241&#8243; img_size=&#8221;medium&#8221; alignment=&#8221;center&#8221; onclick=&#8221;custom_link&#8221; link=&#8221;http:\/\/smsigitv.de\/smsdigitv_smarters.apk&#8221;][vc_separator][vc_media_grid style=&#8221;lazy&#8221; element_width=&#8221;3&#8243; gap=&#8221;10&#8243; item=&#8221;masonryMedia_Default&#8221; grid_id=&#8221;vc_gid:1664113643931-4832f6e95c202668d58fed449b8cf9b0-4&#8243; include=&#8221;12222,12224,12225,12226&#8243;][\/vc_column][\/vc_row]<\/p>\n","protected":false},"author":7,"featured_media":0,"parent":0,"menu_order":0,"comment_status":"closed","ping_status":"closed","template":"","meta":{"footnotes":""},"class_list":["post-12237","page","type-page","status-publish","hentry"],"_links":{"self":[{"href":"https:\/\/smsdigitv.de\/tr\/wp-json\/wp\/v2\/pages\/12237","targetHints":{"allow":["GET"]}}],"collection":[{"href":"https:\/\/smsdigitv.de\/tr\/wp-json\/wp\/v2\/pages"}],"about":[{"href":"https:\/\/smsdigitv.de\/tr\/wp-json\/wp\/v2\/types\/page"}],"author":[{"embeddable":true,"href":"https:\/\/smsdigitv.de\/tr\/wp-json\/wp\/v2\/users\/7"}],"replies":[{"embeddable":true,"href":"https:\/\/smsdigitv.de\/tr\/wp-json\/wp\/v2\/comments?post=12237"}],"version-history":[{"count":6,"href":"https:\/\/smsdigitv.de\/tr\/wp-json\/wp\/v2\/pages\/12237\/revisions"}],"predecessor-version":[{"id":12249,"href":"https:\/\/smsdigitv.de\/tr\/wp-json\/wp\/v2\/pages\/12237\/revisions\/12249"}],"wp:attachment":[{"href":"https:\/\/smsdigitv.de\/tr\/wp-json\/wp\/v2\/media?parent=12237"}],"curies":[{"name":"wp","href":"https:\/\/api.w.org\/{rel}","templated":true}]}}